{"id":1018,"date":"2022-03-10T08:31:51","date_gmt":"2022-03-10T08:31:51","guid":{"rendered":"http:\/\/glonerpartners.com\/peter-gloner\/"},"modified":"2025-06-17T08:32:51","modified_gmt":"2025-06-17T08:32:51","slug":"peter-gloner","status":"publish","type":"page","link":"https:\/\/glonerpartners.com\/en\/peter-gloner\/","title":{"rendered":"Peter Gloner"},"content":{"rendered":"\t\t<div data-elementor-type=\"wp-page\" data-elementor-id=\"1018\" class=\"elementor elementor-1018 elementor-400\" data-elementor-post-type=\"page\">\n\t\t\t\t\t\t<section class=\"elementor-section elementor-top-section elementor-element elementor-element-61a51e6 elementor-section-boxed elementor-section-height-default elementor-section-height-default\" data-id=\"61a51e6\" data-element_type=\"section\" data-settings=\"{&quot;jet_parallax_layout_list&quot;:[]}\">\n\t\t\t\t\t\t<div class=\"elementor-container elementor-column-gap-wide\">\n\t\t\t\t\t<div class=\"elementor-column elementor-col-66 elementor-top-column elementor-element elementor-element-a37f3bf\" data-id=\"a37f3bf\" data-element_type=\"column\">\n\t\t\t<div class=\"elementor-widget-wrap elementor-element-populated\">\n\t\t\t\t\t\t<div class=\"elementor-element elementor-element-0a13935 elementor-widget elementor-widget-heading\" data-id=\"0a13935\" data-element_type=\"widget\" data-widget_type=\"heading.default\">\n\t\t\t\t<div class=\"elementor-widget-container\">\n\t\t\t\t\t<h1 class=\"elementor-heading-title elementor-size-default\">Peter Gloner LL.M.<\/h1>\t\t\t\t<\/div>\n\t\t\t\t<\/div>\n\t\t\t\t<div class=\"elementor-element elementor-element-77d43f7 elementor-widget elementor-widget-heading\" data-id=\"77d43f7\" data-element_type=\"widget\" data-widget_type=\"heading.default\">\n\t\t\t\t<div class=\"elementor-widget-container\">\n\t\t\t\t\t<h2 class=\"elementor-heading-title elementor-size-default\">Attorney, Founding Partner<\/h2>\t\t\t\t<\/div>\n\t\t\t\t<\/div>\n\t\t\t\t<div class=\"elementor-element elementor-element-1c7cf4e elementor-widget elementor-widget-text-editor\" data-id=\"1c7cf4e\" data-element_type=\"widget\" data-widget_type=\"text-editor.default\">\n\t\t\t\t<div class=\"elementor-widget-container\">\n\t\t\t\t\t\t\t\t\t<p>After graduating from law school, Peter worked as a trainee lawyer until passing his degree, and subsequently conducted a comparative law study at Georgetown Law School in Washington, D.C., followed by legal practice at law firms in Washington and New York. After the foreign posting, he held senior positions in the Hungarian government, in the ministries of internal affairs and development, in the position of deputy chief of staff, after which he established his own law firm. In 2021 he obtained a master&#8217;s degree in cybercrime, money laundering and corruption prevention from the Faculty of Law of P\u00e1zm\u00e1ny P\u00e9ter Catholic University.  <\/p>\n<p>Member of the Hungarian delegation of the International Council for Hunting and Wildlife Conservation and the Legal Examination Committee of the Ministry of Justice.<\/p>\n\t\t\t\t\t\t\t\t<\/div>\n\t\t\t\t<\/div>\n\t\t\t\t<section class=\"elementor-section elementor-inner-section elementor-element elementor-element-da8a9cf elementor-section-boxed elementor-section-height-default elementor-section-height-default\" data-id=\"da8a9cf\" data-element_type=\"section\" data-settings=\"{&quot;jet_parallax_layout_list&quot;:[]}\">\n\t\t\t\t\t\t<div class=\"elementor-container elementor-column-gap-default\">\n\t\t\t\t\t<div class=\"elementor-column elementor-col-50 elementor-inner-column elementor-element elementor-element-d6127df\" data-id=\"d6127df\" data-element_type=\"column\">\n\t\t\t<div class=\"elementor-widget-wrap elementor-element-populated\">\n\t\t\t\t\t\t<div class=\"elementor-element elementor-element-fa4e85b elementor-widget elementor-widget-text-editor\" data-id=\"fa4e85b\" data-element_type=\"widget\" data-widget_type=\"text-editor.default\">\n\t\t\t\t<div class=\"elementor-widget-container\">\n\t\t\t\t\t\t\t\t\t<p>Education:<\/p>\n<ul>\n<li>Peter Pazmany School of Law, 2004<\/li>\n<li>Corvinus Universcity of Budapest, Faculty of Social Sciences, political expert<\/li>\n<li>Peter Pazmany School of Law, Combating cybercrime, corruption and money laundering, Master of Law, 2021<\/li>\n<\/ul>\n<p>Language:<\/p>\n<ul>\n<li>English<\/li>\n<li>German<\/li>\n<li>Hungarian<\/li>\n<\/ul>\n\t\t\t\t\t\t\t\t<\/div>\n\t\t\t\t<\/div>\n\t\t\t\t\t<\/div>\n\t\t<\/div>\n\t\t\t\t<div class=\"elementor-column elementor-col-50 elementor-inner-column elementor-element elementor-element-5f0478a\" data-id=\"5f0478a\" data-element_type=\"column\">\n\t\t\t<div class=\"elementor-widget-wrap elementor-element-populated\">\n\t\t\t\t\t\t<div class=\"elementor-element elementor-element-f1abe48 elementor-widget elementor-widget-text-editor\" data-id=\"f1abe48\" data-element_type=\"widget\" data-widget_type=\"text-editor.default\">\n\t\t\t\t<div class=\"elementor-widget-container\">\n\t\t\t\t\t\t\t\t\t<p>Expertise:<\/p>\n<ul>\n<li>International Extradition<\/li>\n<li>Criminal Law<\/li>\n<li>International Trade, Regulatory and Government Affairs<\/li>\n<li>Capital Venture Investments<\/li>\n<\/ul>\n\t\t\t\t\t\t\t\t<\/div>\n\t\t\t\t<\/div>\n\t\t\t\t\t<\/div>\n\t\t<\/div>\n\t\t\t\t\t<\/div>\n\t\t<\/section>\n\t\t\t\t\t<\/div>\n\t\t<\/div>\n\t\t\t\t<div class=\"elementor-column elementor-col-33 elementor-top-column elementor-element elementor-element-7c14d17\" data-id=\"7c14d17\" data-element_type=\"column\">\n\t\t\t<div class=\"elementor-widget-wrap elementor-element-populated\">\n\t\t\t\t\t\t<div class=\"elementor-element elementor-element-1d2660f elementor-widget elementor-widget-image\" data-id=\"1d2660f\" data-element_type=\"widget\" data-widget_type=\"image.default\">\n\t\t\t\t<div class=\"elementor-widget-container\">\n\t\t\t\t\t\t\t\t\t\t\t\t\t\t\t<img fetchpriority=\"high\" decoding=\"async\" width=\"682\" height=\"1024\" src=\"https:\/\/glonerpartners.com\/wp-content\/uploads\/2022\/02\/gloner-peter-682x1024.jpg\" class=\"attachment-large size-large wp-image-772\" alt=\"\" srcset=\"https:\/\/glonerpartners.com\/wp-content\/uploads\/2022\/02\/gloner-peter-682x1024.jpg 682w, https:\/\/glonerpartners.com\/wp-content\/uploads\/2022\/02\/gloner-peter-200x300.jpg 200w, https:\/\/glonerpartners.com\/wp-content\/uploads\/2022\/02\/gloner-peter-768x1153.jpg 768w, https:\/\/glonerpartners.com\/wp-content\/uploads\/2022\/02\/gloner-peter-1023x1536.jpg 1023w, https:\/\/glonerpartners.com\/wp-content\/uploads\/2022\/02\/gloner-peter.jpg 1056w\" sizes=\"(max-width: 682px) 100vw, 682px\" \/>\t\t\t\t\t\t\t\t\t\t\t\t\t\t\t<\/div>\n\t\t\t\t<\/div>\n\t\t\t\t<div class=\"elementor-element elementor-element-0695767 elementor-icon-list--layout-traditional elementor-list-item-link-full_width elementor-widget elementor-widget-icon-list\" data-id=\"0695767\" data-element_type=\"widget\" data-widget_type=\"icon-list.default\">\n\t\t\t\t<div class=\"elementor-widget-container\">\n\t\t\t\t\t\t\t<ul class=\"elementor-icon-list-items\">\n\t\t\t\t\t\t\t<li class=\"elementor-icon-list-item\">\n\t\t\t\t\t\t\t\t\t\t\t<a href=\"mailto:pgloner@glonerpartners.com\">\n\n\t\t\t\t\t\t\t\t\t\t\t\t<span class=\"elementor-icon-list-icon\">\n\t\t\t\t\t\t\t<i aria-hidden=\"true\" class=\"far fa-envelope\"><\/i>\t\t\t\t\t\t<\/span>\n\t\t\t\t\t\t\t\t\t\t<span class=\"elementor-icon-list-text\">pgloner@glonerpartners.com<\/span>\n\t\t\t\t\t\t\t\t\t\t\t<\/a>\n\t\t\t\t\t\t\t\t\t<\/li>\n\t\t\t\t\t\t<\/ul>\n\t\t\t\t\t\t<\/div>\n\t\t\t\t<\/div>\n\t\t\t\t\t<\/div>\n\t\t<\/div>\n\t\t\t\t\t<\/div>\n\t\t<\/section>\n\t\t\t\t<\/div>\n\t\t","protected":false},"excerpt":{"rendered":"<p>Peter Gloner LL.M. Attorney, Founding Partner After graduating from law school, Peter worked as a trainee lawyer until passing his degree, and subsequently conducted a comparative law study at Georgetown Law School in Washington, D.C., followed by legal practice at law firms in Washington and New York. After the foreign posting, he held senior positions &#8230; <a title=\"Peter Gloner\" class=\"read-more\" href=\"https:\/\/glonerpartners.com\/en\/peter-gloner\/\" aria-label=\"Read more about Peter Gloner\">Read more<\/a><\/p>\n","protected":false},"author":1,"featured_media":0,"parent":0,"menu_order":0,"comment_status":"closed","ping_status":"closed","template":"elementor_header_footer","meta":{"footnotes":""},"class_list":["post-1018","page","type-page","status-publish"],"yoast_head":"<!-- This site is optimized with the Yoast SEO plugin v26.1.1 - https:\/\/yoast.com\/wordpress\/plugins\/seo\/ -->\n<title>Peter Gloner - Gl\u00f3ner \u00dcgyv\u00e9di Iroda<\/title>\n<meta name=\"robots\" content=\"index, follow, max-snippet:-1, max-image-preview:large, max-video-preview:-1\" \/>\n<link rel=\"canonical\" href=\"https:\/\/glonerpartners.com\/en\/peter-gloner\/\" \/>\n<meta property=\"og:locale\" content=\"en_US\" \/>\n<meta property=\"og:type\" content=\"article\" \/>\n<meta property=\"og:title\" content=\"Peter Gloner - Gl\u00f3ner \u00dcgyv\u00e9di Iroda\" \/>\n<meta property=\"og:description\" content=\"Peter Gloner LL.M. Attorney, Founding Partner After graduating from law school, Peter worked as a trainee lawyer until passing his degree, and subsequently conducted a comparative law study at Georgetown Law School in Washington, D.C., followed by legal practice at law firms in Washington and New York. After the foreign posting, he held senior positions ... Read more\" \/>\n<meta property=\"og:url\" content=\"https:\/\/glonerpartners.com\/en\/peter-gloner\/\" \/>\n<meta property=\"og:site_name\" content=\"Gl\u00f3ner \u00dcgyv\u00e9di Iroda\" \/>\n<meta property=\"article:modified_time\" content=\"2025-06-17T08:32:51+00:00\" \/>\n<meta property=\"og:image\" content=\"https:\/\/glonerpartners.com\/wp-content\/uploads\/2022\/02\/gloner-peter.jpg\" \/>\n\t<meta property=\"og:image:width\" content=\"1056\" \/>\n\t<meta property=\"og:image:height\" content=\"1585\" \/>\n\t<meta property=\"og:image:type\" content=\"image\/jpeg\" \/>\n<meta name=\"twitter:card\" content=\"summary_large_image\" \/>\n<meta name=\"twitter:label1\" content=\"Est. reading time\" \/>\n\t<meta name=\"twitter:data1\" content=\"1 minute\" \/>\n<script type=\"application\/ld+json\" class=\"yoast-schema-graph\">{\"@context\":\"https:\/\/schema.org\",\"@graph\":[{\"@type\":\"WebPage\",\"@id\":\"https:\/\/glonerpartners.com\/en\/peter-gloner\/\",\"url\":\"https:\/\/glonerpartners.com\/en\/peter-gloner\/\",\"name\":\"Peter Gloner - Gl\u00f3ner \u00dcgyv\u00e9di Iroda\",\"isPartOf\":{\"@id\":\"https:\/\/glonerpartners.com\/#website\"},\"primaryImageOfPage\":{\"@id\":\"https:\/\/glonerpartners.com\/en\/peter-gloner\/#primaryimage\"},\"image\":{\"@id\":\"https:\/\/glonerpartners.com\/en\/peter-gloner\/#primaryimage\"},\"thumbnailUrl\":\"https:\/\/glonerpartners.com\/wp-content\/uploads\/2022\/02\/gloner-peter-682x1024.jpg\",\"datePublished\":\"2022-03-10T08:31:51+00:00\",\"dateModified\":\"2025-06-17T08:32:51+00:00\",\"breadcrumb\":{\"@id\":\"https:\/\/glonerpartners.com\/en\/peter-gloner\/#breadcrumb\"},\"inLanguage\":\"en-US\",\"potentialAction\":[{\"@type\":\"ReadAction\",\"target\":[\"https:\/\/glonerpartners.com\/en\/peter-gloner\/\"]}]},{\"@type\":\"ImageObject\",\"inLanguage\":\"en-US\",\"@id\":\"https:\/\/glonerpartners.com\/en\/peter-gloner\/#primaryimage\",\"url\":\"https:\/\/glonerpartners.com\/wp-content\/uploads\/2022\/02\/gloner-peter-682x1024.jpg\",\"contentUrl\":\"https:\/\/glonerpartners.com\/wp-content\/uploads\/2022\/02\/gloner-peter-682x1024.jpg\"},{\"@type\":\"BreadcrumbList\",\"@id\":\"https:\/\/glonerpartners.com\/en\/peter-gloner\/#breadcrumb\",\"itemListElement\":[{\"@type\":\"ListItem\",\"position\":1,\"name\":\"Kezd\u0151lap\",\"item\":\"https:\/\/glonerpartners.com\/en\/\"},{\"@type\":\"ListItem\",\"position\":2,\"name\":\"Peter Gloner\"}]},{\"@type\":\"WebSite\",\"@id\":\"https:\/\/glonerpartners.com\/#website\",\"url\":\"https:\/\/glonerpartners.com\/\",\"name\":\"Gl\u00f3ner \u00dcgyv\u00e9di Iroda\",\"description\":\"jog \u2013 \u00fczlet \u2013 technol\u00f3gia \u2013 innov\u00e1ci\u00f3\",\"publisher\":{\"@id\":\"https:\/\/glonerpartners.com\/#organization\"},\"potentialAction\":[{\"@type\":\"SearchAction\",\"target\":{\"@type\":\"EntryPoint\",\"urlTemplate\":\"https:\/\/glonerpartners.com\/?s={search_term_string}\"},\"query-input\":{\"@type\":\"PropertyValueSpecification\",\"valueRequired\":true,\"valueName\":\"search_term_string\"}}],\"inLanguage\":\"en-US\"},{\"@type\":\"Organization\",\"@id\":\"https:\/\/glonerpartners.com\/#organization\",\"name\":\"Gl\u00f3ner \u00dcgyv\u00e9di Iroda\",\"url\":\"https:\/\/glonerpartners.com\/\",\"logo\":{\"@type\":\"ImageObject\",\"inLanguage\":\"en-US\",\"@id\":\"https:\/\/glonerpartners.com\/#\/schema\/logo\/image\/\",\"url\":\"https:\/\/glonerpartners.com\/wp-content\/uploads\/2022\/01\/weblogo-gloner.png\",\"contentUrl\":\"https:\/\/glonerpartners.com\/wp-content\/uploads\/2022\/01\/weblogo-gloner.png\",\"width\":332,\"height\":150,\"caption\":\"Gl\u00f3ner \u00dcgyv\u00e9di Iroda\"},\"image\":{\"@id\":\"https:\/\/glonerpartners.com\/#\/schema\/logo\/image\/\"}}]}<\/script>\n<!-- \/ Yoast SEO plugin. -->","yoast_head_json":{"title":"Peter Gloner - Gl\u00f3ner \u00dcgyv\u00e9di Iroda","robots":{"index":"index","follow":"follow","max-snippet":"max-snippet:-1","max-image-preview":"max-image-preview:large","max-video-preview":"max-video-preview:-1"},"canonical":"https:\/\/glonerpartners.com\/en\/peter-gloner\/","og_locale":"en_US","og_type":"article","og_title":"Peter Gloner - Gl\u00f3ner \u00dcgyv\u00e9di Iroda","og_description":"Peter Gloner LL.M. Attorney, Founding Partner After graduating from law school, Peter worked as a trainee lawyer until passing his degree, and subsequently conducted a comparative law study at Georgetown Law School in Washington, D.C., followed by legal practice at law firms in Washington and New York. After the foreign posting, he held senior positions ... Read more","og_url":"https:\/\/glonerpartners.com\/en\/peter-gloner\/","og_site_name":"Gl\u00f3ner \u00dcgyv\u00e9di Iroda","article_modified_time":"2025-06-17T08:32:51+00:00","og_image":[{"width":1056,"height":1585,"url":"https:\/\/glonerpartners.com\/wp-content\/uploads\/2022\/02\/gloner-peter.jpg","type":"image\/jpeg"}],"twitter_card":"summary_large_image","twitter_misc":{"Est. reading time":"1 minute"},"schema":{"@context":"https:\/\/schema.org","@graph":[{"@type":"WebPage","@id":"https:\/\/glonerpartners.com\/en\/peter-gloner\/","url":"https:\/\/glonerpartners.com\/en\/peter-gloner\/","name":"Peter Gloner - Gl\u00f3ner \u00dcgyv\u00e9di Iroda","isPartOf":{"@id":"https:\/\/glonerpartners.com\/#website"},"primaryImageOfPage":{"@id":"https:\/\/glonerpartners.com\/en\/peter-gloner\/#primaryimage"},"image":{"@id":"https:\/\/glonerpartners.com\/en\/peter-gloner\/#primaryimage"},"thumbnailUrl":"https:\/\/glonerpartners.com\/wp-content\/uploads\/2022\/02\/gloner-peter-682x1024.jpg","datePublished":"2022-03-10T08:31:51+00:00","dateModified":"2025-06-17T08:32:51+00:00","breadcrumb":{"@id":"https:\/\/glonerpartners.com\/en\/peter-gloner\/#breadcrumb"},"inLanguage":"en-US","potentialAction":[{"@type":"ReadAction","target":["https:\/\/glonerpartners.com\/en\/peter-gloner\/"]}]},{"@type":"ImageObject","inLanguage":"en-US","@id":"https:\/\/glonerpartners.com\/en\/peter-gloner\/#primaryimage","url":"https:\/\/glonerpartners.com\/wp-content\/uploads\/2022\/02\/gloner-peter-682x1024.jpg","contentUrl":"https:\/\/glonerpartners.com\/wp-content\/uploads\/2022\/02\/gloner-peter-682x1024.jpg"},{"@type":"BreadcrumbList","@id":"https:\/\/glonerpartners.com\/en\/peter-gloner\/#breadcrumb","itemListElement":[{"@type":"ListItem","position":1,"name":"Kezd\u0151lap","item":"https:\/\/glonerpartners.com\/en\/"},{"@type":"ListItem","position":2,"name":"Peter Gloner"}]},{"@type":"WebSite","@id":"https:\/\/glonerpartners.com\/#website","url":"https:\/\/glonerpartners.com\/","name":"Gl\u00f3ner \u00dcgyv\u00e9di Iroda","description":"jog \u2013 \u00fczlet \u2013 technol\u00f3gia \u2013 innov\u00e1ci\u00f3","publisher":{"@id":"https:\/\/glonerpartners.com\/#organization"},"potentialAction":[{"@type":"SearchAction","target":{"@type":"EntryPoint","urlTemplate":"https:\/\/glonerpartners.com\/?s={search_term_string}"},"query-input":{"@type":"PropertyValueSpecification","valueRequired":true,"valueName":"search_term_string"}}],"inLanguage":"en-US"},{"@type":"Organization","@id":"https:\/\/glonerpartners.com\/#organization","name":"Gl\u00f3ner \u00dcgyv\u00e9di Iroda","url":"https:\/\/glonerpartners.com\/","logo":{"@type":"ImageObject","inLanguage":"en-US","@id":"https:\/\/glonerpartners.com\/#\/schema\/logo\/image\/","url":"https:\/\/glonerpartners.com\/wp-content\/uploads\/2022\/01\/weblogo-gloner.png","contentUrl":"https:\/\/glonerpartners.com\/wp-content\/uploads\/2022\/01\/weblogo-gloner.png","width":332,"height":150,"caption":"Gl\u00f3ner \u00dcgyv\u00e9di Iroda"},"image":{"@id":"https:\/\/glonerpartners.com\/#\/schema\/logo\/image\/"}}]}},"_links":{"self":[{"href":"https:\/\/glonerpartners.com\/en\/wp-json\/wp\/v2\/pages\/1018","targetHints":{"allow":["GET"]}}],"collection":[{"href":"https:\/\/glonerpartners.com\/en\/wp-json\/wp\/v2\/pages"}],"about":[{"href":"https:\/\/glonerpartners.com\/en\/wp-json\/wp\/v2\/types\/page"}],"author":[{"embeddable":true,"href":"https:\/\/glonerpartners.com\/en\/wp-json\/wp\/v2\/users\/1"}],"replies":[{"embeddable":true,"href":"https:\/\/glonerpartners.com\/en\/wp-json\/wp\/v2\/comments?post=1018"}],"version-history":[{"count":12,"href":"https:\/\/glonerpartners.com\/en\/wp-json\/wp\/v2\/pages\/1018\/revisions"}],"predecessor-version":[{"id":1719,"href":"https:\/\/glonerpartners.com\/en\/wp-json\/wp\/v2\/pages\/1018\/revisions\/1719"}],"wp:attachment":[{"href":"https:\/\/glonerpartners.com\/en\/wp-json\/wp\/v2\/media?parent=1018"}],"curies":[{"name":"wp","href":"https:\/\/api.w.org\/{rel}","templated":true}]}}