{"id":1020,"date":"2022-03-10T08:34:53","date_gmt":"2022-03-10T08:34:53","guid":{"rendered":"http:\/\/glonerpartners.com\/eszter-klauber\/"},"modified":"2025-06-25T11:41:29","modified_gmt":"2025-06-25T11:41:29","slug":"eszter-klauber","status":"publish","type":"page","link":"https:\/\/glonerpartners.com\/en\/eszter-klauber\/","title":{"rendered":"Eszter Klauber"},"content":{"rendered":"\t\t<div data-elementor-type=\"wp-page\" data-elementor-id=\"1020\" class=\"elementor elementor-1020 elementor-405\" data-elementor-post-type=\"page\">\n\t\t\t\t\t\t<section class=\"elementor-section elementor-top-section elementor-element elementor-element-483694d elementor-section-boxed elementor-section-height-default elementor-section-height-default\" data-id=\"483694d\" data-element_type=\"section\" data-settings=\"{&quot;jet_parallax_layout_list&quot;:[]}\">\n\t\t\t\t\t\t<div class=\"elementor-container elementor-column-gap-wide\">\n\t\t\t\t\t<div class=\"elementor-column elementor-col-66 elementor-top-column elementor-element elementor-element-b6bd81d\" data-id=\"b6bd81d\" data-element_type=\"column\">\n\t\t\t<div class=\"elementor-widget-wrap elementor-element-populated\">\n\t\t\t\t\t\t<div class=\"elementor-element elementor-element-220bffb elementor-widget elementor-widget-heading\" data-id=\"220bffb\" data-element_type=\"widget\" data-widget_type=\"heading.default\">\n\t\t\t\t<div class=\"elementor-widget-container\">\n\t\t\t\t\t<h1 class=\"elementor-heading-title elementor-size-default\">Eszter Klauber<\/h1>\t\t\t\t<\/div>\n\t\t\t\t<\/div>\n\t\t\t\t<div class=\"elementor-element elementor-element-2edb077 elementor-widget elementor-widget-heading\" data-id=\"2edb077\" data-element_type=\"widget\" data-widget_type=\"heading.default\">\n\t\t\t\t<div class=\"elementor-widget-container\">\n\t\t\t\t\t<h2 class=\"elementor-heading-title elementor-size-default\">Attorney, Cooperating Partner<\/h2>\t\t\t\t<\/div>\n\t\t\t\t<\/div>\n\t\t\t\t<div class=\"elementor-element elementor-element-a52b935 elementor-widget elementor-widget-text-editor\" data-id=\"a52b935\" data-element_type=\"widget\" data-widget_type=\"text-editor.default\">\n\t\t\t\t<div class=\"elementor-widget-container\">\n\t\t\t\t\t\t\t\t\t<p>After graduating from law school, Eszter worked as a trainee lawyer at Zamecsnik, P\u00f3sfai and Partners Law Firm, continued her career as an applied lawyer after taking the legal exam, and fromsince 2014 she started anhas had an independent practice. Its main field is civil law, in particular family law, binding law, inheritance law, personal rights and real estate, in both out-of-court and litigation cases, in which latter it has more than a decade of experience.<\/p>\t\t\t\t\t\t\t\t<\/div>\n\t\t\t\t<\/div>\n\t\t\t\t<section class=\"elementor-section elementor-inner-section elementor-element elementor-element-de1180a elementor-section-boxed elementor-section-height-default elementor-section-height-default\" data-id=\"de1180a\" data-element_type=\"section\" data-settings=\"{&quot;jet_parallax_layout_list&quot;:[]}\">\n\t\t\t\t\t\t<div class=\"elementor-container elementor-column-gap-default\">\n\t\t\t\t\t<div class=\"elementor-column elementor-col-50 elementor-inner-column elementor-element elementor-element-5c27b64\" data-id=\"5c27b64\" data-element_type=\"column\">\n\t\t\t<div class=\"elementor-widget-wrap elementor-element-populated\">\n\t\t\t\t\t\t<div class=\"elementor-element elementor-element-8be9721 elementor-widget elementor-widget-text-editor\" data-id=\"8be9721\" data-element_type=\"widget\" data-widget_type=\"text-editor.default\">\n\t\t\t\t<div class=\"elementor-widget-container\">\n\t\t\t\t\t\t\t\t\t<p>Education:<\/p>\n<ul>\n<li>\n<p style=\"text-align: justify;\">Lorand E\u00f6tv\u00f6s Law School, ELTE, 2005<\/p>\n<\/li>\n<\/ul>\n<p>Language:<\/p>\n<ul>\n<li>English<\/li>\n<li>Hungarian<\/li>\n<\/ul>\n\t\t\t\t\t\t\t\t<\/div>\n\t\t\t\t<\/div>\n\t\t\t\t\t<\/div>\n\t\t<\/div>\n\t\t\t\t<div class=\"elementor-column elementor-col-50 elementor-inner-column elementor-element elementor-element-cc80ba3\" data-id=\"cc80ba3\" data-element_type=\"column\">\n\t\t\t<div class=\"elementor-widget-wrap elementor-element-populated\">\n\t\t\t\t\t\t<div class=\"elementor-element elementor-element-41e0840 elementor-widget elementor-widget-text-editor\" data-id=\"41e0840\" data-element_type=\"widget\" data-widget_type=\"text-editor.default\">\n\t\t\t\t<div class=\"elementor-widget-container\">\n\t\t\t\t\t\t\t\t\t<p>Expertise:<\/p>\n<ul>\n<li>\n<p style=\"margin: 0cm; text-align: justify;\">Civil Law<\/p>\n<\/li>\n<li>\n<p style=\"margin: 0cm; text-align: justify;\">Family Law<\/p>\n<\/li>\n<li>\n<p style=\"margin: 0cm; text-align: justify;\">Complex litigation<\/p>\n<\/li>\n<li>\n<p style=\"margin: 0cm; text-align: justify;\">Compensation Lawsuits<\/p>\n<\/li>\n<li>\n<p style=\"margin: 0cm; text-align: justify;\">Personal Protection Rights<\/p>\n<\/li>\n<li>\n<p style=\"margin: 0cm; text-align: justify;\">Corporate Law<\/p>\n<\/li>\n<\/ul>\n\t\t\t\t\t\t\t\t<\/div>\n\t\t\t\t<\/div>\n\t\t\t\t\t<\/div>\n\t\t<\/div>\n\t\t\t\t\t<\/div>\n\t\t<\/section>\n\t\t\t\t\t<\/div>\n\t\t<\/div>\n\t\t\t\t<div class=\"elementor-column elementor-col-33 elementor-top-column elementor-element elementor-element-f9aff4e\" data-id=\"f9aff4e\" data-element_type=\"column\">\n\t\t\t<div class=\"elementor-widget-wrap elementor-element-populated\">\n\t\t\t\t\t\t<div class=\"elementor-element elementor-element-c8be0ee elementor-widget elementor-widget-image\" data-id=\"c8be0ee\" data-element_type=\"widget\" data-widget_type=\"image.default\">\n\t\t\t\t<div class=\"elementor-widget-container\">\n\t\t\t\t\t\t\t\t\t\t\t\t\t\t\t<img fetchpriority=\"high\" decoding=\"async\" width=\"682\" height=\"1024\" src=\"https:\/\/glonerpartners.com\/wp-content\/uploads\/2022\/02\/klauber-eszter-682x1024.jpg\" class=\"attachment-large size-large wp-image-773\" alt=\"\" srcset=\"https:\/\/glonerpartners.com\/wp-content\/uploads\/2022\/02\/klauber-eszter-682x1024.jpg 682w, https:\/\/glonerpartners.com\/wp-content\/uploads\/2022\/02\/klauber-eszter-200x300.jpg 200w, https:\/\/glonerpartners.com\/wp-content\/uploads\/2022\/02\/klauber-eszter-768x1152.jpg 768w, https:\/\/glonerpartners.com\/wp-content\/uploads\/2022\/02\/klauber-eszter.jpg 983w\" sizes=\"(max-width: 682px) 100vw, 682px\" \/>\t\t\t\t\t\t\t\t\t\t\t\t\t\t\t<\/div>\n\t\t\t\t<\/div>\n\t\t\t\t<div class=\"elementor-element elementor-element-cf1787f elementor-icon-list--layout-traditional elementor-list-item-link-full_width elementor-widget elementor-widget-icon-list\" data-id=\"cf1787f\" data-element_type=\"widget\" data-widget_type=\"icon-list.default\">\n\t\t\t\t<div class=\"elementor-widget-container\">\n\t\t\t\t\t\t\t<ul class=\"elementor-icon-list-items\">\n\t\t\t\t\t\t\t<li class=\"elementor-icon-list-item\">\n\t\t\t\t\t\t\t\t\t\t\t<a href=\"mailto:iroda@klauber.hu\">\n\n\t\t\t\t\t\t\t\t\t\t\t\t<span class=\"elementor-icon-list-icon\">\n\t\t\t\t\t\t\t<i aria-hidden=\"true\" class=\"far fa-envelope\"><\/i>\t\t\t\t\t\t<\/span>\n\t\t\t\t\t\t\t\t\t\t<span class=\"elementor-icon-list-text\">iroda@klauber.hu<\/span>\n\t\t\t\t\t\t\t\t\t\t\t<\/a>\n\t\t\t\t\t\t\t\t\t<\/li>\n\t\t\t\t\t\t\t\t<li class=\"elementor-icon-list-item\">\n\t\t\t\t\t\t\t\t\t\t\t<a href=\"tel:0036204871617\">\n\n\t\t\t\t\t\t\t\t\t\t\t\t<span class=\"elementor-icon-list-icon\">\n\t\t\t\t\t\t\t<i aria-hidden=\"true\" class=\"fas fa-mobile-alt\"><\/i>\t\t\t\t\t\t<\/span>\n\t\t\t\t\t\t\t\t\t\t<span class=\"elementor-icon-list-text\">+ 36 20 487 1617<\/span>\n\t\t\t\t\t\t\t\t\t\t\t<\/a>\n\t\t\t\t\t\t\t\t\t<\/li>\n\t\t\t\t\t\t<\/ul>\n\t\t\t\t\t\t<\/div>\n\t\t\t\t<\/div>\n\t\t\t\t\t<\/div>\n\t\t<\/div>\n\t\t\t\t\t<\/div>\n\t\t<\/section>\n\t\t\t\t<\/div>\n\t\t","protected":false},"excerpt":{"rendered":"<p>Eszter Klauber Attorney, Cooperating Partner After graduating from law school, Eszter worked as a trainee lawyer at Zamecsnik, P\u00f3sfai and Partners Law Firm, continued her career as an applied lawyer after taking the legal exam, and fromsince 2014 she started anhas had an independent practice. Its main field is civil law, in particular family law, &#8230; <a title=\"Eszter Klauber\" class=\"read-more\" href=\"https:\/\/glonerpartners.com\/en\/eszter-klauber\/\" aria-label=\"Read more about Eszter Klauber\">Read more<\/a><\/p>\n","protected":false},"author":1,"featured_media":0,"parent":0,"menu_order":0,"comment_status":"closed","ping_status":"closed","template":"elementor_header_footer","meta":{"footnotes":""},"class_list":["post-1020","page","type-page","status-publish"],"yoast_head":"<!-- This site is optimized with the Yoast SEO plugin v26.1.1 - https:\/\/yoast.com\/wordpress\/plugins\/seo\/ -->\n<title>Eszter Klauber - Gl\u00f3ner \u00dcgyv\u00e9di Iroda<\/title>\n<meta name=\"robots\" content=\"index, follow, max-snippet:-1, max-image-preview:large, max-video-preview:-1\" \/>\n<link rel=\"canonical\" href=\"https:\/\/glonerpartners.com\/en\/eszter-klauber\/\" \/>\n<meta property=\"og:locale\" content=\"en_US\" \/>\n<meta property=\"og:type\" content=\"article\" \/>\n<meta property=\"og:title\" content=\"Eszter Klauber - Gl\u00f3ner \u00dcgyv\u00e9di Iroda\" \/>\n<meta property=\"og:description\" content=\"Eszter Klauber Attorney, Cooperating Partner After graduating from law school, Eszter worked as a trainee lawyer at Zamecsnik, P\u00f3sfai and Partners Law Firm, continued her career as an applied lawyer after taking the legal exam, and fromsince 2014 she started anhas had an independent practice. Its main field is civil law, in particular family law, ... Read more\" \/>\n<meta property=\"og:url\" content=\"https:\/\/glonerpartners.com\/en\/eszter-klauber\/\" \/>\n<meta property=\"og:site_name\" content=\"Gl\u00f3ner \u00dcgyv\u00e9di Iroda\" \/>\n<meta property=\"article:modified_time\" content=\"2025-06-25T11:41:29+00:00\" \/>\n<meta property=\"og:image\" content=\"https:\/\/glonerpartners.com\/wp-content\/uploads\/2022\/02\/klauber-eszter.jpg\" \/>\n\t<meta property=\"og:image:width\" content=\"983\" \/>\n\t<meta property=\"og:image:height\" content=\"1475\" \/>\n\t<meta property=\"og:image:type\" content=\"image\/jpeg\" \/>\n<meta name=\"twitter:card\" content=\"summary_large_image\" \/>\n<meta name=\"twitter:label1\" content=\"Est. reading time\" \/>\n\t<meta name=\"twitter:data1\" content=\"1 minute\" \/>\n<script type=\"application\/ld+json\" class=\"yoast-schema-graph\">{\"@context\":\"https:\/\/schema.org\",\"@graph\":[{\"@type\":\"WebPage\",\"@id\":\"https:\/\/glonerpartners.com\/en\/eszter-klauber\/\",\"url\":\"https:\/\/glonerpartners.com\/en\/eszter-klauber\/\",\"name\":\"Eszter Klauber - Gl\u00f3ner \u00dcgyv\u00e9di Iroda\",\"isPartOf\":{\"@id\":\"https:\/\/glonerpartners.com\/#website\"},\"primaryImageOfPage\":{\"@id\":\"https:\/\/glonerpartners.com\/en\/eszter-klauber\/#primaryimage\"},\"image\":{\"@id\":\"https:\/\/glonerpartners.com\/en\/eszter-klauber\/#primaryimage\"},\"thumbnailUrl\":\"https:\/\/glonerpartners.com\/wp-content\/uploads\/2022\/02\/klauber-eszter-682x1024.jpg\",\"datePublished\":\"2022-03-10T08:34:53+00:00\",\"dateModified\":\"2025-06-25T11:41:29+00:00\",\"breadcrumb\":{\"@id\":\"https:\/\/glonerpartners.com\/en\/eszter-klauber\/#breadcrumb\"},\"inLanguage\":\"en-US\",\"potentialAction\":[{\"@type\":\"ReadAction\",\"target\":[\"https:\/\/glonerpartners.com\/en\/eszter-klauber\/\"]}]},{\"@type\":\"ImageObject\",\"inLanguage\":\"en-US\",\"@id\":\"https:\/\/glonerpartners.com\/en\/eszter-klauber\/#primaryimage\",\"url\":\"https:\/\/glonerpartners.com\/wp-content\/uploads\/2022\/02\/klauber-eszter-682x1024.jpg\",\"contentUrl\":\"https:\/\/glonerpartners.com\/wp-content\/uploads\/2022\/02\/klauber-eszter-682x1024.jpg\"},{\"@type\":\"BreadcrumbList\",\"@id\":\"https:\/\/glonerpartners.com\/en\/eszter-klauber\/#breadcrumb\",\"itemListElement\":[{\"@type\":\"ListItem\",\"position\":1,\"name\":\"Kezd\u0151lap\",\"item\":\"https:\/\/glonerpartners.com\/en\/\"},{\"@type\":\"ListItem\",\"position\":2,\"name\":\"Eszter Klauber\"}]},{\"@type\":\"WebSite\",\"@id\":\"https:\/\/glonerpartners.com\/#website\",\"url\":\"https:\/\/glonerpartners.com\/\",\"name\":\"Gl\u00f3ner \u00dcgyv\u00e9di Iroda\",\"description\":\"jog \u2013 \u00fczlet \u2013 technol\u00f3gia \u2013 innov\u00e1ci\u00f3\",\"publisher\":{\"@id\":\"https:\/\/glonerpartners.com\/#organization\"},\"potentialAction\":[{\"@type\":\"SearchAction\",\"target\":{\"@type\":\"EntryPoint\",\"urlTemplate\":\"https:\/\/glonerpartners.com\/?s={search_term_string}\"},\"query-input\":{\"@type\":\"PropertyValueSpecification\",\"valueRequired\":true,\"valueName\":\"search_term_string\"}}],\"inLanguage\":\"en-US\"},{\"@type\":\"Organization\",\"@id\":\"https:\/\/glonerpartners.com\/#organization\",\"name\":\"Gl\u00f3ner \u00dcgyv\u00e9di Iroda\",\"url\":\"https:\/\/glonerpartners.com\/\",\"logo\":{\"@type\":\"ImageObject\",\"inLanguage\":\"en-US\",\"@id\":\"https:\/\/glonerpartners.com\/#\/schema\/logo\/image\/\",\"url\":\"https:\/\/glonerpartners.com\/wp-content\/uploads\/2022\/01\/weblogo-gloner.png\",\"contentUrl\":\"https:\/\/glonerpartners.com\/wp-content\/uploads\/2022\/01\/weblogo-gloner.png\",\"width\":332,\"height\":150,\"caption\":\"Gl\u00f3ner \u00dcgyv\u00e9di Iroda\"},\"image\":{\"@id\":\"https:\/\/glonerpartners.com\/#\/schema\/logo\/image\/\"}}]}<\/script>\n<!-- \/ Yoast SEO plugin. -->","yoast_head_json":{"title":"Eszter Klauber - Gl\u00f3ner \u00dcgyv\u00e9di Iroda","robots":{"index":"index","follow":"follow","max-snippet":"max-snippet:-1","max-image-preview":"max-image-preview:large","max-video-preview":"max-video-preview:-1"},"canonical":"https:\/\/glonerpartners.com\/en\/eszter-klauber\/","og_locale":"en_US","og_type":"article","og_title":"Eszter Klauber - Gl\u00f3ner \u00dcgyv\u00e9di Iroda","og_description":"Eszter Klauber Attorney, Cooperating Partner After graduating from law school, Eszter worked as a trainee lawyer at Zamecsnik, P\u00f3sfai and Partners Law Firm, continued her career as an applied lawyer after taking the legal exam, and fromsince 2014 she started anhas had an independent practice. Its main field is civil law, in particular family law, ... Read more","og_url":"https:\/\/glonerpartners.com\/en\/eszter-klauber\/","og_site_name":"Gl\u00f3ner \u00dcgyv\u00e9di Iroda","article_modified_time":"2025-06-25T11:41:29+00:00","og_image":[{"width":983,"height":1475,"url":"https:\/\/glonerpartners.com\/wp-content\/uploads\/2022\/02\/klauber-eszter.jpg","type":"image\/jpeg"}],"twitter_card":"summary_large_image","twitter_misc":{"Est. reading time":"1 minute"},"schema":{"@context":"https:\/\/schema.org","@graph":[{"@type":"WebPage","@id":"https:\/\/glonerpartners.com\/en\/eszter-klauber\/","url":"https:\/\/glonerpartners.com\/en\/eszter-klauber\/","name":"Eszter Klauber - Gl\u00f3ner \u00dcgyv\u00e9di Iroda","isPartOf":{"@id":"https:\/\/glonerpartners.com\/#website"},"primaryImageOfPage":{"@id":"https:\/\/glonerpartners.com\/en\/eszter-klauber\/#primaryimage"},"image":{"@id":"https:\/\/glonerpartners.com\/en\/eszter-klauber\/#primaryimage"},"thumbnailUrl":"https:\/\/glonerpartners.com\/wp-content\/uploads\/2022\/02\/klauber-eszter-682x1024.jpg","datePublished":"2022-03-10T08:34:53+00:00","dateModified":"2025-06-25T11:41:29+00:00","breadcrumb":{"@id":"https:\/\/glonerpartners.com\/en\/eszter-klauber\/#breadcrumb"},"inLanguage":"en-US","potentialAction":[{"@type":"ReadAction","target":["https:\/\/glonerpartners.com\/en\/eszter-klauber\/"]}]},{"@type":"ImageObject","inLanguage":"en-US","@id":"https:\/\/glonerpartners.com\/en\/eszter-klauber\/#primaryimage","url":"https:\/\/glonerpartners.com\/wp-content\/uploads\/2022\/02\/klauber-eszter-682x1024.jpg","contentUrl":"https:\/\/glonerpartners.com\/wp-content\/uploads\/2022\/02\/klauber-eszter-682x1024.jpg"},{"@type":"BreadcrumbList","@id":"https:\/\/glonerpartners.com\/en\/eszter-klauber\/#breadcrumb","itemListElement":[{"@type":"ListItem","position":1,"name":"Kezd\u0151lap","item":"https:\/\/glonerpartners.com\/en\/"},{"@type":"ListItem","position":2,"name":"Eszter Klauber"}]},{"@type":"WebSite","@id":"https:\/\/glonerpartners.com\/#website","url":"https:\/\/glonerpartners.com\/","name":"Gl\u00f3ner \u00dcgyv\u00e9di Iroda","description":"jog \u2013 \u00fczlet \u2013 technol\u00f3gia \u2013 innov\u00e1ci\u00f3","publisher":{"@id":"https:\/\/glonerpartners.com\/#organization"},"potentialAction":[{"@type":"SearchAction","target":{"@type":"EntryPoint","urlTemplate":"https:\/\/glonerpartners.com\/?s={search_term_string}"},"query-input":{"@type":"PropertyValueSpecification","valueRequired":true,"valueName":"search_term_string"}}],"inLanguage":"en-US"},{"@type":"Organization","@id":"https:\/\/glonerpartners.com\/#organization","name":"Gl\u00f3ner \u00dcgyv\u00e9di Iroda","url":"https:\/\/glonerpartners.com\/","logo":{"@type":"ImageObject","inLanguage":"en-US","@id":"https:\/\/glonerpartners.com\/#\/schema\/logo\/image\/","url":"https:\/\/glonerpartners.com\/wp-content\/uploads\/2022\/01\/weblogo-gloner.png","contentUrl":"https:\/\/glonerpartners.com\/wp-content\/uploads\/2022\/01\/weblogo-gloner.png","width":332,"height":150,"caption":"Gl\u00f3ner \u00dcgyv\u00e9di Iroda"},"image":{"@id":"https:\/\/glonerpartners.com\/#\/schema\/logo\/image\/"}}]}},"_links":{"self":[{"href":"https:\/\/glonerpartners.com\/en\/wp-json\/wp\/v2\/pages\/1020","targetHints":{"allow":["GET"]}}],"collection":[{"href":"https:\/\/glonerpartners.com\/en\/wp-json\/wp\/v2\/pages"}],"about":[{"href":"https:\/\/glonerpartners.com\/en\/wp-json\/wp\/v2\/types\/page"}],"author":[{"embeddable":true,"href":"https:\/\/glonerpartners.com\/en\/wp-json\/wp\/v2\/users\/1"}],"replies":[{"embeddable":true,"href":"https:\/\/glonerpartners.com\/en\/wp-json\/wp\/v2\/comments?post=1020"}],"version-history":[{"count":12,"href":"https:\/\/glonerpartners.com\/en\/wp-json\/wp\/v2\/pages\/1020\/revisions"}],"predecessor-version":[{"id":1747,"href":"https:\/\/glonerpartners.com\/en\/wp-json\/wp\/v2\/pages\/1020\/revisions\/1747"}],"wp:attachment":[{"href":"https:\/\/glonerpartners.com\/en\/wp-json\/wp\/v2\/media?parent=1020"}],"curies":[{"name":"wp","href":"https:\/\/api.w.org\/{rel}","templated":true}]}}