{"id":1022,"date":"2022-03-10T08:37:55","date_gmt":"2022-03-10T08:37:55","guid":{"rendered":"http:\/\/glonerpartners.com\/gergely-racz\/"},"modified":"2025-06-11T15:09:41","modified_gmt":"2025-06-11T15:09:41","slug":"gergely-racz","status":"publish","type":"page","link":"https:\/\/glonerpartners.com\/en\/gergely-racz\/","title":{"rendered":"Gergely Racz"},"content":{"rendered":"\t\t<div data-elementor-type=\"wp-page\" data-elementor-id=\"1022\" class=\"elementor elementor-1022 elementor-410\" data-elementor-post-type=\"page\">\n\t\t\t\t\t\t<section class=\"elementor-section elementor-top-section elementor-element elementor-element-b6d38fb elementor-section-boxed elementor-section-height-default elementor-section-height-default\" data-id=\"b6d38fb\" data-element_type=\"section\" data-settings=\"{&quot;jet_parallax_layout_list&quot;:[]}\">\n\t\t\t\t\t\t<div class=\"elementor-container elementor-column-gap-wide\">\n\t\t\t\t\t<div class=\"elementor-column elementor-col-66 elementor-top-column elementor-element elementor-element-687df70\" data-id=\"687df70\" data-element_type=\"column\">\n\t\t\t<div class=\"elementor-widget-wrap elementor-element-populated\">\n\t\t\t\t\t\t<div class=\"elementor-element elementor-element-02c871b elementor-widget elementor-widget-heading\" data-id=\"02c871b\" data-element_type=\"widget\" data-widget_type=\"heading.default\">\n\t\t\t\t<div class=\"elementor-widget-container\">\n\t\t\t\t\t<h1 class=\"elementor-heading-title elementor-size-default\">Gergely Racz LL.M.<\/h1>\t\t\t\t<\/div>\n\t\t\t\t<\/div>\n\t\t\t\t<div class=\"elementor-element elementor-element-19ecf2e elementor-widget elementor-widget-heading\" data-id=\"19ecf2e\" data-element_type=\"widget\" data-widget_type=\"heading.default\">\n\t\t\t\t<div class=\"elementor-widget-container\">\n\t\t\t\t\t<h2 class=\"elementor-heading-title elementor-size-default\">attorney, partner<\/h2>\t\t\t\t<\/div>\n\t\t\t\t<\/div>\n\t\t\t\t<div class=\"elementor-element elementor-element-bf94854 elementor-widget elementor-widget-text-editor\" data-id=\"bf94854\" data-element_type=\"widget\" data-widget_type=\"text-editor.default\">\n\t\t\t\t<div class=\"elementor-widget-container\">\n\t\t\t\t\t\t\t\t\t<p>After graduating from law school, Gergely worked as a trainee lawyer at Zamecsnik, P\u00f3sfai and Partners Law Firm, continued his career as an applied lawyer after taking the legal exam, and fromsince 2014 he started ane has had an independent practice. His main areas of expertise are criminal law, criminal procedure law, tax law, misdemeanor law. In 2021, he will obtain a master&#8217;s degree in criminal law atfrom the Faculty of Law of the K\u00e1roli G\u00e1sp\u00e1r Reformed University. Previously, he served as anwas an intern at the Csongr\u00e1d County Court, the Office of the Investigating Judge of the Brussels Court and the Brussels Public Prosecutor&#8217;s Office.<\/p><p>During his more than a decade-long experience andd legal career, he has successfully representeds the interests of individuals and companies as a protector in criminal proceedings, and proceedings before the tax authorities.<\/p>\t\t\t\t\t\t\t\t<\/div>\n\t\t\t\t<\/div>\n\t\t\t\t<section class=\"elementor-section elementor-inner-section elementor-element elementor-element-6fa0919 elementor-section-boxed elementor-section-height-default elementor-section-height-default\" data-id=\"6fa0919\" data-element_type=\"section\" data-settings=\"{&quot;jet_parallax_layout_list&quot;:[]}\">\n\t\t\t\t\t\t<div class=\"elementor-container elementor-column-gap-default\">\n\t\t\t\t\t<div class=\"elementor-column elementor-col-50 elementor-inner-column elementor-element elementor-element-9231268\" data-id=\"9231268\" data-element_type=\"column\">\n\t\t\t<div class=\"elementor-widget-wrap elementor-element-populated\">\n\t\t\t\t\t\t<div class=\"elementor-element elementor-element-aa193ca elementor-widget elementor-widget-text-editor\" data-id=\"aa193ca\" data-element_type=\"widget\" data-widget_type=\"text-editor.default\">\n\t\t\t\t<div class=\"elementor-widget-container\">\n\t\t\t\t\t\t\t\t\t<p>Education:<\/p>\n<ul>\n<li>Law School of Szeged, 2007<\/li>\n<li>Universit\u00e9 Jean Moulin Lyon III., Lyon<\/li>\n<li>Eur\u00f3pa- jogi Master 1 diploma<\/li>\n<li>Gaspar Karoli Reformat School of Law, LLM, 2021 Master of Law in Criminology <\/li>\n<\/ul>\n\t\t\t\t\t\t\t\t<\/div>\n\t\t\t\t<\/div>\n\t\t\t\t\t<\/div>\n\t\t<\/div>\n\t\t\t\t<div class=\"elementor-column elementor-col-50 elementor-inner-column elementor-element elementor-element-ce32cbe\" data-id=\"ce32cbe\" data-element_type=\"column\">\n\t\t\t<div class=\"elementor-widget-wrap elementor-element-populated\">\n\t\t\t\t\t\t<div class=\"elementor-element elementor-element-97b73de elementor-widget elementor-widget-text-editor\" data-id=\"97b73de\" data-element_type=\"widget\" data-widget_type=\"text-editor.default\">\n\t\t\t\t<div class=\"elementor-widget-container\">\n\t\t\t\t\t\t\t\t\t<p>Expertise:<\/p>\n<ul>\n<li>Criminal Law <\/li>\n<li>Criminal Procedure<\/li>\n<li>White collar defense<\/li>\n<li>Prison Law<\/li>\n<li>Tax Law<\/li>\n<\/ul>\n\t\t\t\t\t\t\t\t<\/div>\n\t\t\t\t<\/div>\n\t\t\t\t\t<\/div>\n\t\t<\/div>\n\t\t\t\t\t<\/div>\n\t\t<\/section>\n\t\t\t\t<div class=\"elementor-element elementor-element-35dada2 elementor-widget elementor-widget-text-editor\" data-id=\"35dada2\" data-element_type=\"widget\" data-widget_type=\"text-editor.default\">\n\t\t\t\t<div class=\"elementor-widget-container\">\n\t\t\t\t\t\t\t\t\t<p>Language:<\/p>\n<ul>\n<li>English<\/li>\n<li>French<\/li>\n<li>Hungarian<\/li>\n<\/ul>\n\t\t\t\t\t\t\t\t<\/div>\n\t\t\t\t<\/div>\n\t\t\t\t\t<\/div>\n\t\t<\/div>\n\t\t\t\t<div class=\"elementor-column elementor-col-33 elementor-top-column elementor-element elementor-element-cd86732\" data-id=\"cd86732\" data-element_type=\"column\">\n\t\t\t<div class=\"elementor-widget-wrap elementor-element-populated\">\n\t\t\t\t\t\t<div class=\"elementor-element elementor-element-a423c5f elementor-widget elementor-widget-image\" data-id=\"a423c5f\" data-element_type=\"widget\" data-widget_type=\"image.default\">\n\t\t\t\t<div class=\"elementor-widget-container\">\n\t\t\t\t\t\t\t\t\t\t\t\t\t\t\t<img fetchpriority=\"high\" decoding=\"async\" width=\"683\" height=\"1024\" src=\"https:\/\/glonerpartners.com\/wp-content\/uploads\/2022\/02\/racz-gergely-683x1024.jpg\" class=\"attachment-large size-large wp-image-774\" alt=\"\" srcset=\"https:\/\/glonerpartners.com\/wp-content\/uploads\/2022\/02\/racz-gergely-683x1024.jpg 683w, https:\/\/glonerpartners.com\/wp-content\/uploads\/2022\/02\/racz-gergely-200x300.jpg 200w, https:\/\/glonerpartners.com\/wp-content\/uploads\/2022\/02\/racz-gergely-768x1152.jpg 768w, https:\/\/glonerpartners.com\/wp-content\/uploads\/2022\/02\/racz-gergely-1024x1536.jpg 1024w, https:\/\/glonerpartners.com\/wp-content\/uploads\/2022\/02\/racz-gergely.jpg 1042w\" sizes=\"(max-width: 683px) 100vw, 683px\" \/>\t\t\t\t\t\t\t\t\t\t\t\t\t\t\t<\/div>\n\t\t\t\t<\/div>\n\t\t\t\t\t<\/div>\n\t\t<\/div>\n\t\t\t\t\t<\/div>\n\t\t<\/section>\n\t\t\t\t<\/div>\n\t\t","protected":false},"excerpt":{"rendered":"<p>Gergely Racz LL.M. attorney, partner After graduating from law school, Gergely worked as a trainee lawyer at Zamecsnik, P\u00f3sfai and Partners Law Firm, continued his career as an applied lawyer after taking the legal exam, and fromsince 2014 he started ane has had an independent practice. His main areas of expertise are criminal law, criminal &#8230; <a title=\"Gergely Racz\" class=\"read-more\" href=\"https:\/\/glonerpartners.com\/en\/gergely-racz\/\" aria-label=\"Read more about Gergely Racz\">Read more<\/a><\/p>\n","protected":false},"author":1,"featured_media":0,"parent":0,"menu_order":0,"comment_status":"closed","ping_status":"closed","template":"elementor_header_footer","meta":{"footnotes":""},"class_list":["post-1022","page","type-page","status-publish"],"yoast_head":"<!-- This site is optimized with the Yoast SEO plugin v26.1.1 - https:\/\/yoast.com\/wordpress\/plugins\/seo\/ -->\n<title>Gergely Racz - Gl\u00f3ner \u00dcgyv\u00e9di Iroda<\/title>\n<meta name=\"robots\" content=\"index, follow, max-snippet:-1, max-image-preview:large, max-video-preview:-1\" \/>\n<link rel=\"canonical\" href=\"https:\/\/glonerpartners.com\/en\/gergely-racz\/\" \/>\n<meta property=\"og:locale\" content=\"en_US\" \/>\n<meta property=\"og:type\" content=\"article\" \/>\n<meta property=\"og:title\" content=\"Gergely Racz - Gl\u00f3ner \u00dcgyv\u00e9di Iroda\" \/>\n<meta property=\"og:description\" content=\"Gergely Racz LL.M. attorney, partner After graduating from law school, Gergely worked as a trainee lawyer at Zamecsnik, P\u00f3sfai and Partners Law Firm, continued his career as an applied lawyer after taking the legal exam, and fromsince 2014 he started ane has had an independent practice. His main areas of expertise are criminal law, criminal ... Read more\" \/>\n<meta property=\"og:url\" content=\"https:\/\/glonerpartners.com\/en\/gergely-racz\/\" \/>\n<meta property=\"og:site_name\" content=\"Gl\u00f3ner \u00dcgyv\u00e9di Iroda\" \/>\n<meta property=\"article:modified_time\" content=\"2025-06-11T15:09:41+00:00\" \/>\n<meta property=\"og:image\" content=\"https:\/\/glonerpartners.com\/wp-content\/uploads\/2022\/02\/racz-gergely.jpg\" \/>\n\t<meta property=\"og:image:width\" content=\"1042\" \/>\n\t<meta property=\"og:image:height\" content=\"1563\" \/>\n\t<meta property=\"og:image:type\" content=\"image\/jpeg\" \/>\n<meta name=\"twitter:card\" content=\"summary_large_image\" \/>\n<meta name=\"twitter:label1\" content=\"Est. reading time\" \/>\n\t<meta name=\"twitter:data1\" content=\"2 minutes\" \/>\n<script type=\"application\/ld+json\" class=\"yoast-schema-graph\">{\"@context\":\"https:\/\/schema.org\",\"@graph\":[{\"@type\":\"WebPage\",\"@id\":\"https:\/\/glonerpartners.com\/en\/gergely-racz\/\",\"url\":\"https:\/\/glonerpartners.com\/en\/gergely-racz\/\",\"name\":\"Gergely Racz - Gl\u00f3ner \u00dcgyv\u00e9di Iroda\",\"isPartOf\":{\"@id\":\"https:\/\/glonerpartners.com\/#website\"},\"primaryImageOfPage\":{\"@id\":\"https:\/\/glonerpartners.com\/en\/gergely-racz\/#primaryimage\"},\"image\":{\"@id\":\"https:\/\/glonerpartners.com\/en\/gergely-racz\/#primaryimage\"},\"thumbnailUrl\":\"https:\/\/glonerpartners.com\/wp-content\/uploads\/2022\/02\/racz-gergely-683x1024.jpg\",\"datePublished\":\"2022-03-10T08:37:55+00:00\",\"dateModified\":\"2025-06-11T15:09:41+00:00\",\"breadcrumb\":{\"@id\":\"https:\/\/glonerpartners.com\/en\/gergely-racz\/#breadcrumb\"},\"inLanguage\":\"en-US\",\"potentialAction\":[{\"@type\":\"ReadAction\",\"target\":[\"https:\/\/glonerpartners.com\/en\/gergely-racz\/\"]}]},{\"@type\":\"ImageObject\",\"inLanguage\":\"en-US\",\"@id\":\"https:\/\/glonerpartners.com\/en\/gergely-racz\/#primaryimage\",\"url\":\"https:\/\/glonerpartners.com\/wp-content\/uploads\/2022\/02\/racz-gergely-683x1024.jpg\",\"contentUrl\":\"https:\/\/glonerpartners.com\/wp-content\/uploads\/2022\/02\/racz-gergely-683x1024.jpg\"},{\"@type\":\"BreadcrumbList\",\"@id\":\"https:\/\/glonerpartners.com\/en\/gergely-racz\/#breadcrumb\",\"itemListElement\":[{\"@type\":\"ListItem\",\"position\":1,\"name\":\"Kezd\u0151lap\",\"item\":\"https:\/\/glonerpartners.com\/en\/\"},{\"@type\":\"ListItem\",\"position\":2,\"name\":\"Gergely Racz\"}]},{\"@type\":\"WebSite\",\"@id\":\"https:\/\/glonerpartners.com\/#website\",\"url\":\"https:\/\/glonerpartners.com\/\",\"name\":\"Gl\u00f3ner \u00dcgyv\u00e9di Iroda\",\"description\":\"jog \u2013 \u00fczlet \u2013 technol\u00f3gia \u2013 innov\u00e1ci\u00f3\",\"publisher\":{\"@id\":\"https:\/\/glonerpartners.com\/#organization\"},\"potentialAction\":[{\"@type\":\"SearchAction\",\"target\":{\"@type\":\"EntryPoint\",\"urlTemplate\":\"https:\/\/glonerpartners.com\/?s={search_term_string}\"},\"query-input\":{\"@type\":\"PropertyValueSpecification\",\"valueRequired\":true,\"valueName\":\"search_term_string\"}}],\"inLanguage\":\"en-US\"},{\"@type\":\"Organization\",\"@id\":\"https:\/\/glonerpartners.com\/#organization\",\"name\":\"Gl\u00f3ner \u00dcgyv\u00e9di Iroda\",\"url\":\"https:\/\/glonerpartners.com\/\",\"logo\":{\"@type\":\"ImageObject\",\"inLanguage\":\"en-US\",\"@id\":\"https:\/\/glonerpartners.com\/#\/schema\/logo\/image\/\",\"url\":\"https:\/\/glonerpartners.com\/wp-content\/uploads\/2022\/01\/weblogo-gloner.png\",\"contentUrl\":\"https:\/\/glonerpartners.com\/wp-content\/uploads\/2022\/01\/weblogo-gloner.png\",\"width\":332,\"height\":150,\"caption\":\"Gl\u00f3ner \u00dcgyv\u00e9di Iroda\"},\"image\":{\"@id\":\"https:\/\/glonerpartners.com\/#\/schema\/logo\/image\/\"}}]}<\/script>\n<!-- \/ Yoast SEO plugin. -->","yoast_head_json":{"title":"Gergely Racz - Gl\u00f3ner \u00dcgyv\u00e9di Iroda","robots":{"index":"index","follow":"follow","max-snippet":"max-snippet:-1","max-image-preview":"max-image-preview:large","max-video-preview":"max-video-preview:-1"},"canonical":"https:\/\/glonerpartners.com\/en\/gergely-racz\/","og_locale":"en_US","og_type":"article","og_title":"Gergely Racz - Gl\u00f3ner \u00dcgyv\u00e9di Iroda","og_description":"Gergely Racz LL.M. attorney, partner After graduating from law school, Gergely worked as a trainee lawyer at Zamecsnik, P\u00f3sfai and Partners Law Firm, continued his career as an applied lawyer after taking the legal exam, and fromsince 2014 he started ane has had an independent practice. His main areas of expertise are criminal law, criminal ... Read more","og_url":"https:\/\/glonerpartners.com\/en\/gergely-racz\/","og_site_name":"Gl\u00f3ner \u00dcgyv\u00e9di Iroda","article_modified_time":"2025-06-11T15:09:41+00:00","og_image":[{"width":1042,"height":1563,"url":"https:\/\/glonerpartners.com\/wp-content\/uploads\/2022\/02\/racz-gergely.jpg","type":"image\/jpeg"}],"twitter_card":"summary_large_image","twitter_misc":{"Est. reading time":"2 minutes"},"schema":{"@context":"https:\/\/schema.org","@graph":[{"@type":"WebPage","@id":"https:\/\/glonerpartners.com\/en\/gergely-racz\/","url":"https:\/\/glonerpartners.com\/en\/gergely-racz\/","name":"Gergely Racz - Gl\u00f3ner \u00dcgyv\u00e9di Iroda","isPartOf":{"@id":"https:\/\/glonerpartners.com\/#website"},"primaryImageOfPage":{"@id":"https:\/\/glonerpartners.com\/en\/gergely-racz\/#primaryimage"},"image":{"@id":"https:\/\/glonerpartners.com\/en\/gergely-racz\/#primaryimage"},"thumbnailUrl":"https:\/\/glonerpartners.com\/wp-content\/uploads\/2022\/02\/racz-gergely-683x1024.jpg","datePublished":"2022-03-10T08:37:55+00:00","dateModified":"2025-06-11T15:09:41+00:00","breadcrumb":{"@id":"https:\/\/glonerpartners.com\/en\/gergely-racz\/#breadcrumb"},"inLanguage":"en-US","potentialAction":[{"@type":"ReadAction","target":["https:\/\/glonerpartners.com\/en\/gergely-racz\/"]}]},{"@type":"ImageObject","inLanguage":"en-US","@id":"https:\/\/glonerpartners.com\/en\/gergely-racz\/#primaryimage","url":"https:\/\/glonerpartners.com\/wp-content\/uploads\/2022\/02\/racz-gergely-683x1024.jpg","contentUrl":"https:\/\/glonerpartners.com\/wp-content\/uploads\/2022\/02\/racz-gergely-683x1024.jpg"},{"@type":"BreadcrumbList","@id":"https:\/\/glonerpartners.com\/en\/gergely-racz\/#breadcrumb","itemListElement":[{"@type":"ListItem","position":1,"name":"Kezd\u0151lap","item":"https:\/\/glonerpartners.com\/en\/"},{"@type":"ListItem","position":2,"name":"Gergely Racz"}]},{"@type":"WebSite","@id":"https:\/\/glonerpartners.com\/#website","url":"https:\/\/glonerpartners.com\/","name":"Gl\u00f3ner \u00dcgyv\u00e9di Iroda","description":"jog \u2013 \u00fczlet \u2013 technol\u00f3gia \u2013 innov\u00e1ci\u00f3","publisher":{"@id":"https:\/\/glonerpartners.com\/#organization"},"potentialAction":[{"@type":"SearchAction","target":{"@type":"EntryPoint","urlTemplate":"https:\/\/glonerpartners.com\/?s={search_term_string}"},"query-input":{"@type":"PropertyValueSpecification","valueRequired":true,"valueName":"search_term_string"}}],"inLanguage":"en-US"},{"@type":"Organization","@id":"https:\/\/glonerpartners.com\/#organization","name":"Gl\u00f3ner \u00dcgyv\u00e9di Iroda","url":"https:\/\/glonerpartners.com\/","logo":{"@type":"ImageObject","inLanguage":"en-US","@id":"https:\/\/glonerpartners.com\/#\/schema\/logo\/image\/","url":"https:\/\/glonerpartners.com\/wp-content\/uploads\/2022\/01\/weblogo-gloner.png","contentUrl":"https:\/\/glonerpartners.com\/wp-content\/uploads\/2022\/01\/weblogo-gloner.png","width":332,"height":150,"caption":"Gl\u00f3ner \u00dcgyv\u00e9di Iroda"},"image":{"@id":"https:\/\/glonerpartners.com\/#\/schema\/logo\/image\/"}}]}},"_links":{"self":[{"href":"https:\/\/glonerpartners.com\/en\/wp-json\/wp\/v2\/pages\/1022","targetHints":{"allow":["GET"]}}],"collection":[{"href":"https:\/\/glonerpartners.com\/en\/wp-json\/wp\/v2\/pages"}],"about":[{"href":"https:\/\/glonerpartners.com\/en\/wp-json\/wp\/v2\/types\/page"}],"author":[{"embeddable":true,"href":"https:\/\/glonerpartners.com\/en\/wp-json\/wp\/v2\/users\/1"}],"replies":[{"embeddable":true,"href":"https:\/\/glonerpartners.com\/en\/wp-json\/wp\/v2\/comments?post=1022"}],"version-history":[{"count":11,"href":"https:\/\/glonerpartners.com\/en\/wp-json\/wp\/v2\/pages\/1022\/revisions"}],"predecessor-version":[{"id":1575,"href":"https:\/\/glonerpartners.com\/en\/wp-json\/wp\/v2\/pages\/1022\/revisions\/1575"}],"wp:attachment":[{"href":"https:\/\/glonerpartners.com\/en\/wp-json\/wp\/v2\/media?parent=1022"}],"curies":[{"name":"wp","href":"https:\/\/api.w.org\/{rel}","templated":true}]}}