{"id":1055,"date":"2022-03-10T10:47:21","date_gmt":"2022-03-10T10:47:21","guid":{"rendered":"http:\/\/glonerpartners.com\/international-relations\/"},"modified":"2025-06-11T15:24:21","modified_gmt":"2025-06-11T15:24:21","slug":"international-relations","status":"publish","type":"page","link":"https:\/\/glonerpartners.com\/en\/international-relations\/","title":{"rendered":"International Relations"},"content":{"rendered":"\t\t<div data-elementor-type=\"wp-page\" data-elementor-id=\"1055\" class=\"elementor elementor-1055 elementor-511\" data-elementor-post-type=\"page\">\n\t\t\t\t\t\t<section class=\"elementor-section elementor-top-section elementor-element elementor-element-c56d0eb elementor-section-height-min-height elementor-section-boxed elementor-section-height-default elementor-section-items-middle\" data-id=\"c56d0eb\" data-element_type=\"section\" data-settings=\"{&quot;jet_parallax_layout_list&quot;:[],&quot;background_background&quot;:&quot;classic&quot;}\">\n\t\t\t\t\t\t\t<div class=\"elementor-background-overlay\"><\/div>\n\t\t\t\t\t\t\t<div class=\"elementor-container elementor-column-gap-default\">\n\t\t\t\t\t<div class=\"elementor-column elementor-col-100 elementor-top-column elementor-element elementor-element-8fb5fd1\" data-id=\"8fb5fd1\" data-element_type=\"column\">\n\t\t\t<div class=\"elementor-widget-wrap elementor-element-populated\">\n\t\t\t\t\t\t<div class=\"elementor-element elementor-element-59d1a99 elementor-widget elementor-widget-heading\" data-id=\"59d1a99\" data-element_type=\"widget\" data-widget_type=\"heading.default\">\n\t\t\t\t<div class=\"elementor-widget-container\">\n\t\t\t\t\t<h1 class=\"elementor-heading-title elementor-size-default\">INTERNATIONAL<br>RELATIONS<\/h1>\t\t\t\t<\/div>\n\t\t\t\t<\/div>\n\t\t\t\t\t<\/div>\n\t\t<\/div>\n\t\t\t\t\t<\/div>\n\t\t<\/section>\n\t\t\t\t<section class=\"elementor-section elementor-top-section elementor-element elementor-element-b9b3a64 elementor-section-boxed elementor-section-height-default elementor-section-height-default\" data-id=\"b9b3a64\" data-element_type=\"section\" data-settings=\"{&quot;jet_parallax_layout_list&quot;:[]}\">\n\t\t\t\t\t\t<div class=\"elementor-container elementor-column-gap-default\">\n\t\t\t\t\t<div class=\"elementor-column elementor-col-33 elementor-top-column elementor-element elementor-element-a6cc6f6\" data-id=\"a6cc6f6\" data-element_type=\"column\" data-settings=\"{&quot;background_background&quot;:&quot;classic&quot;}\">\n\t\t\t<div class=\"elementor-widget-wrap elementor-element-populated\">\n\t\t\t\t\t\t<div class=\"elementor-element elementor-element-0bc9a3f elementor-widget elementor-widget-spacer\" data-id=\"0bc9a3f\" data-element_type=\"widget\" data-widget_type=\"spacer.default\">\n\t\t\t\t<div class=\"elementor-widget-container\">\n\t\t\t\t\t\t\t<div class=\"elementor-spacer\">\n\t\t\t<div class=\"elementor-spacer-inner\"><\/div>\n\t\t<\/div>\n\t\t\t\t\t\t<\/div>\n\t\t\t\t<\/div>\n\t\t\t\t\t<\/div>\n\t\t<\/div>\n\t\t\t\t<div class=\"elementor-column elementor-col-33 elementor-top-column elementor-element elementor-element-7b38786\" data-id=\"7b38786\" data-element_type=\"column\">\n\t\t\t<div class=\"elementor-widget-wrap elementor-element-populated\">\n\t\t\t\t\t\t<div class=\"elementor-element elementor-element-8732e14 elementor-widget elementor-widget-spacer\" data-id=\"8732e14\" data-element_type=\"widget\" data-widget_type=\"spacer.default\">\n\t\t\t\t<div class=\"elementor-widget-container\">\n\t\t\t\t\t\t\t<div class=\"elementor-spacer\">\n\t\t\t<div class=\"elementor-spacer-inner\"><\/div>\n\t\t<\/div>\n\t\t\t\t\t\t<\/div>\n\t\t\t\t<\/div>\n\t\t\t\t\t<\/div>\n\t\t<\/div>\n\t\t\t\t<div class=\"elementor-column elementor-col-33 elementor-top-column elementor-element elementor-element-00647ba\" data-id=\"00647ba\" data-element_type=\"column\">\n\t\t\t<div class=\"elementor-widget-wrap elementor-element-populated\">\n\t\t\t\t\t\t<div class=\"elementor-element elementor-element-a11333d elementor-widget elementor-widget-text-editor\" data-id=\"a11333d\" data-element_type=\"widget\" data-widget_type=\"text-editor.default\">\n\t\t\t\t<div class=\"elementor-widget-container\">\n\t\t\t\t\t\t\t\t\t<p>To expand our services and deepen our experience and serve our new clients internationally, we will be working with a U.S.-based law firm with headquarters in Washington, D.c. and offices across the U.S. under the name of former Attorney General John Ashcroft, starting in 2021.<\/p>\n<p>Former U.S. Attorney General, Governor and Senator John Ashcroft serves as the firm\u2019s founder. Together with the select group of seasoned, respected and experienced senior executives he recruited to join him\u2014many of whom helped to lead the U.S. Department of Justice during a significant time in our nation\u2019s history\u2014the Firm has earned a reputation for integrity and a track record for accelerating successful resolutions of even the most complex matters: <\/p>\n<p>Members of our team are former:<\/p>\n<ul>\n<li>United States Attorneys for the District of Massachusetts and the Western District of Texas<\/li>\n<li>Senior Advisors to the President of the United States and the United States Attorney General<\/li>\n<li>Chief Legal Counsel to the Governor of Massachusetts<\/li>\n<li>Criminal Chief of the Criminal Bureau, Massachusetts Attorney General\u2019s Office<\/li>\n<li>General Counsel for the Office of the Special Inspector General for Iraq Reconstruction (\u201cSIGIR\u201d)<\/li>\n<li>International War Crimes Prosecutor<\/li>\n<\/ul>\n<p>Our unique approach blends precise legal analysis with business management expertise to serve all facets of our client\u2019s needs, including litigation. With a focus on issues of integrity and corporate governance, the Firm provides compliance advice, internal investigations, legal and consulting services to world-leading clients, including Fortune 500 companies, nation states, elected officials, multi-national corporations, and corporate executives. <\/p>\n\t\t\t\t\t\t\t\t<\/div>\n\t\t\t\t<\/div>\n\t\t\t\t<div class=\"elementor-element elementor-element-c28f2d1 elementor-icon-list--layout-traditional elementor-list-item-link-full_width elementor-widget elementor-widget-icon-list\" data-id=\"c28f2d1\" data-element_type=\"widget\" data-widget_type=\"icon-list.default\">\n\t\t\t\t<div class=\"elementor-widget-container\">\n\t\t\t\t\t\t\t<ul class=\"elementor-icon-list-items\">\n\t\t\t\t\t\t\t<li class=\"elementor-icon-list-item\">\n\t\t\t\t\t\t\t\t\t\t\t<span class=\"elementor-icon-list-icon\">\n\t\t\t\t\t\t\t<i aria-hidden=\"true\" class=\"fas fa-check\"><\/i>\t\t\t\t\t\t<\/span>\n\t\t\t\t\t\t\t\t\t\t<span class=\"elementor-icon-list-text\">Government Investigations, Prosecutions &amp; Enforcement Actions<\/span>\n\t\t\t\t\t\t\t\t\t<\/li>\n\t\t\t\t\t\t\t\t<li class=\"elementor-icon-list-item\">\n\t\t\t\t\t\t\t\t\t\t\t<span class=\"elementor-icon-list-icon\">\n\t\t\t\t\t\t\t<i aria-hidden=\"true\" class=\"fas fa-check\"><\/i>\t\t\t\t\t\t<\/span>\n\t\t\t\t\t\t\t\t\t\t<span class=\"elementor-icon-list-text\">Bank Secrecy Act \/ Anti-Money Laundering<\/span>\n\t\t\t\t\t\t\t\t\t<\/li>\n\t\t\t\t\t\t\t\t<li class=\"elementor-icon-list-item\">\n\t\t\t\t\t\t\t\t\t\t\t<span class=\"elementor-icon-list-icon\">\n\t\t\t\t\t\t\t<i aria-hidden=\"true\" class=\"fas fa-check\"><\/i>\t\t\t\t\t\t<\/span>\n\t\t\t\t\t\t\t\t\t\t<span class=\"elementor-icon-list-text\">Corporate Compliance \/ Governance<\/span>\n\t\t\t\t\t\t\t\t\t<\/li>\n\t\t\t\t\t\t\t\t<li class=\"elementor-icon-list-item\">\n\t\t\t\t\t\t\t\t\t\t\t<span class=\"elementor-icon-list-icon\">\n\t\t\t\t\t\t\t<i aria-hidden=\"true\" class=\"fas fa-check\"><\/i>\t\t\t\t\t\t<\/span>\n\t\t\t\t\t\t\t\t\t\t<span class=\"elementor-icon-list-text\">Export Controls, Economic Sanctions &amp; ITAR Compliance<\/span>\n\t\t\t\t\t\t\t\t\t<\/li>\n\t\t\t\t\t\t\t\t<li class=\"elementor-icon-list-item\">\n\t\t\t\t\t\t\t\t\t\t\t<span class=\"elementor-icon-list-icon\">\n\t\t\t\t\t\t\t<i aria-hidden=\"true\" class=\"fas fa-check\"><\/i>\t\t\t\t\t\t<\/span>\n\t\t\t\t\t\t\t\t\t\t<span class=\"elementor-icon-list-text\">FCPA &amp; Anti-Corruption Compliance, and UK Bribery Act<\/span>\n\t\t\t\t\t\t\t\t\t<\/li>\n\t\t\t\t\t\t\t\t<li class=\"elementor-icon-list-item\">\n\t\t\t\t\t\t\t\t\t\t\t<span class=\"elementor-icon-list-icon\">\n\t\t\t\t\t\t\t<i aria-hidden=\"true\" class=\"fas fa-check\"><\/i>\t\t\t\t\t\t<\/span>\n\t\t\t\t\t\t\t\t\t\t<span class=\"elementor-icon-list-text\">General Corporate \/ Business<\/span>\n\t\t\t\t\t\t\t\t\t<\/li>\n\t\t\t\t\t\t\t\t<li class=\"elementor-icon-list-item\">\n\t\t\t\t\t\t\t\t\t\t\t<span class=\"elementor-icon-list-icon\">\n\t\t\t\t\t\t\t<i aria-hidden=\"true\" class=\"fas fa-check\"><\/i>\t\t\t\t\t\t<\/span>\n\t\t\t\t\t\t\t\t\t\t<span class=\"elementor-icon-list-text\">Health Care<\/span>\n\t\t\t\t\t\t\t\t\t<\/li>\n\t\t\t\t\t\t\t\t<li class=\"elementor-icon-list-item\">\n\t\t\t\t\t\t\t\t\t\t\t<span class=\"elementor-icon-list-icon\">\n\t\t\t\t\t\t\t<i aria-hidden=\"true\" class=\"fas fa-check\"><\/i>\t\t\t\t\t\t<\/span>\n\t\t\t\t\t\t\t\t\t\t<span class=\"elementor-icon-list-text\">Internal Investigations<\/span>\n\t\t\t\t\t\t\t\t\t<\/li>\n\t\t\t\t\t\t\t\t<li class=\"elementor-icon-list-item\">\n\t\t\t\t\t\t\t\t\t\t\t<span class=\"elementor-icon-list-icon\">\n\t\t\t\t\t\t\t<i aria-hidden=\"true\" class=\"fas fa-check\"><\/i>\t\t\t\t\t\t<\/span>\n\t\t\t\t\t\t\t\t\t\t<span class=\"elementor-icon-list-text\">Legal and Business Crisis Management<\/span>\n\t\t\t\t\t\t\t\t\t<\/li>\n\t\t\t\t\t\t\t\t<li class=\"elementor-icon-list-item\">\n\t\t\t\t\t\t\t\t\t\t\t<span class=\"elementor-icon-list-icon\">\n\t\t\t\t\t\t\t<i aria-hidden=\"true\" class=\"fas fa-check\"><\/i>\t\t\t\t\t\t<\/span>\n\t\t\t\t\t\t\t\t\t\t<span class=\"elementor-icon-list-text\">Mergers and Acquisitions Due Diligence<\/span>\n\t\t\t\t\t\t\t\t\t<\/li>\n\t\t\t\t\t\t\t\t<li class=\"elementor-icon-list-item\">\n\t\t\t\t\t\t\t\t\t\t\t<span class=\"elementor-icon-list-icon\">\n\t\t\t\t\t\t\t<i aria-hidden=\"true\" class=\"fas fa-check\"><\/i>\t\t\t\t\t\t<\/span>\n\t\t\t\t\t\t\t\t\t\t<span class=\"elementor-icon-list-text\">Securities Litigation and SEC Enforcement Defense<\/span>\n\t\t\t\t\t\t\t\t\t<\/li>\n\t\t\t\t\t\t\t\t<li class=\"elementor-icon-list-item\">\n\t\t\t\t\t\t\t\t\t\t\t<span class=\"elementor-icon-list-icon\">\n\t\t\t\t\t\t\t<i aria-hidden=\"true\" class=\"fas fa-check\"><\/i>\t\t\t\t\t\t<\/span>\n\t\t\t\t\t\t\t\t\t\t<span class=\"elementor-icon-list-text\">United Nations and World Bank Ethics and Anti-Corruption Compliance<\/span>\n\t\t\t\t\t\t\t\t\t<\/li>\n\t\t\t\t\t\t\t\t<li class=\"elementor-icon-list-item\">\n\t\t\t\t\t\t\t\t\t\t\t<span class=\"elementor-icon-list-icon\">\n\t\t\t\t\t\t\t<i aria-hidden=\"true\" class=\"fas fa-check\"><\/i>\t\t\t\t\t\t<\/span>\n\t\t\t\t\t\t\t\t\t\t<span class=\"elementor-icon-list-text\">White Collar Defense<\/span>\n\t\t\t\t\t\t\t\t\t<\/li>\n\t\t\t\t\t\t\t\t<li class=\"elementor-icon-list-item\">\n\t\t\t\t\t\t\t\t\t\t\t<span class=\"elementor-icon-list-icon\">\n\t\t\t\t\t\t\t<i aria-hidden=\"true\" class=\"fas fa-check\"><\/i>\t\t\t\t\t\t<\/span>\n\t\t\t\t\t\t\t\t\t\t<span class=\"elementor-icon-list-text\">Commercial Litigation<\/span>\n\t\t\t\t\t\t\t\t\t<\/li>\n\t\t\t\t\t\t\t\t<li class=\"elementor-icon-list-item\">\n\t\t\t\t\t\t\t\t\t\t\t<span class=\"elementor-icon-list-icon\">\n\t\t\t\t\t\t\t<i aria-hidden=\"true\" class=\"fas fa-check\"><\/i>\t\t\t\t\t\t<\/span>\n\t\t\t\t\t\t\t\t\t\t<span class=\"elementor-icon-list-text\">Appellate Litigation<\/span>\n\t\t\t\t\t\t\t\t\t<\/li>\n\t\t\t\t\t\t\t\t<li class=\"elementor-icon-list-item\">\n\t\t\t\t\t\t\t\t\t\t\t<span class=\"elementor-icon-list-icon\">\n\t\t\t\t\t\t\t<i aria-hidden=\"true\" class=\"fas fa-check\"><\/i>\t\t\t\t\t\t<\/span>\n\t\t\t\t\t\t\t\t\t\t<span class=\"elementor-icon-list-text\">Election and Political Law<\/span>\n\t\t\t\t\t\t\t\t\t<\/li>\n\t\t\t\t\t\t\t\t<li class=\"elementor-icon-list-item\">\n\t\t\t\t\t\t\t\t\t\t\t<span class=\"elementor-icon-list-icon\">\n\t\t\t\t\t\t\t<i aria-hidden=\"true\" class=\"fas fa-check\"><\/i>\t\t\t\t\t\t<\/span>\n\t\t\t\t\t\t\t\t\t\t<span class=\"elementor-icon-list-text\">Whistleblower Law <\/span>\n\t\t\t\t\t\t\t\t\t<\/li>\n\t\t\t\t\t\t\t\t<li class=\"elementor-icon-list-item\">\n\t\t\t\t\t\t\t\t\t\t\t<span class=\"elementor-icon-list-icon\">\n\t\t\t\t\t\t\t<i aria-hidden=\"true\" class=\"fas fa-check\"><\/i>\t\t\t\t\t\t<\/span>\n\t\t\t\t\t\t\t\t\t\t<span class=\"elementor-icon-list-text\">Health Care<\/span>\n\t\t\t\t\t\t\t\t\t<\/li>\n\t\t\t\t\t\t\t\t<li class=\"elementor-icon-list-item\">\n\t\t\t\t\t\t\t\t\t\t\t<span class=\"elementor-icon-list-icon\">\n\t\t\t\t\t\t\t<i aria-hidden=\"true\" class=\"fas fa-check\"><\/i>\t\t\t\t\t\t<\/span>\n\t\t\t\t\t\t\t\t\t\t<span class=\"elementor-icon-list-text\">EB5 Investment Visa, USA<\/span>\n\t\t\t\t\t\t\t\t\t<\/li>\n\t\t\t\t\t\t<\/ul>\n\t\t\t\t\t\t<\/div>\n\t\t\t\t<\/div>\n\t\t\t\t\t<\/div>\n\t\t<\/div>\n\t\t\t\t\t<\/div>\n\t\t<\/section>\n\t\t\t\t<\/div>\n\t\t","protected":false},"excerpt":{"rendered":"<p>INTERNATIONALRELATIONS To expand our services and deepen our experience and serve our new clients internationally, we will be working with a U.S.-based law firm with headquarters in Washington, D.c. and offices across the U.S. under the name of former Attorney General John Ashcroft, starting in 2021. Former U.S. Attorney General, Governor and Senator John Ashcroft &#8230; <a title=\"International Relations\" class=\"read-more\" href=\"https:\/\/glonerpartners.com\/en\/international-relations\/\" aria-label=\"Read more about International Relations\">Read more<\/a><\/p>\n","protected":false},"author":1,"featured_media":0,"parent":0,"menu_order":0,"comment_status":"closed","ping_status":"closed","template":"elementor_header_footer","meta":{"footnotes":""},"class_list":["post-1055","page","type-page","status-publish"],"yoast_head":"<!-- This site is optimized with the Yoast SEO plugin v26.1.1 - https:\/\/yoast.com\/wordpress\/plugins\/seo\/ -->\n<title>International Relations - Gl\u00f3ner \u00dcgyv\u00e9di Iroda<\/title>\n<meta name=\"robots\" content=\"index, follow, max-snippet:-1, max-image-preview:large, max-video-preview:-1\" \/>\n<link rel=\"canonical\" href=\"https:\/\/glonerpartners.com\/en\/international-relations\/\" \/>\n<meta property=\"og:locale\" content=\"en_US\" \/>\n<meta property=\"og:type\" content=\"article\" \/>\n<meta property=\"og:title\" content=\"International Relations - Gl\u00f3ner \u00dcgyv\u00e9di Iroda\" \/>\n<meta property=\"og:description\" content=\"INTERNATIONALRELATIONS To expand our services and deepen our experience and serve our new clients internationally, we will be working with a U.S.-based law firm with headquarters in Washington, D.c. and offices across the U.S. under the name of former Attorney General John Ashcroft, starting in 2021. Former U.S. Attorney General, Governor and Senator John Ashcroft ... Read more\" \/>\n<meta property=\"og:url\" content=\"https:\/\/glonerpartners.com\/en\/international-relations\/\" \/>\n<meta property=\"og:site_name\" content=\"Gl\u00f3ner \u00dcgyv\u00e9di Iroda\" \/>\n<meta property=\"article:modified_time\" content=\"2025-06-11T15:24:21+00:00\" \/>\n<meta property=\"og:image\" content=\"https:\/\/glonerpartners.com\/wp-content\/uploads\/2022\/03\/gloner-og.jpg\" \/>\n\t<meta property=\"og:image:width\" content=\"1200\" \/>\n\t<meta property=\"og:image:height\" content=\"628\" \/>\n\t<meta property=\"og:image:type\" content=\"image\/jpeg\" \/>\n<meta name=\"twitter:card\" content=\"summary_large_image\" \/>\n<meta name=\"twitter:label1\" content=\"Est. reading time\" \/>\n\t<meta name=\"twitter:data1\" content=\"2 minutes\" \/>\n<script type=\"application\/ld+json\" class=\"yoast-schema-graph\">{\"@context\":\"https:\/\/schema.org\",\"@graph\":[{\"@type\":\"WebPage\",\"@id\":\"https:\/\/glonerpartners.com\/en\/international-relations\/\",\"url\":\"https:\/\/glonerpartners.com\/en\/international-relations\/\",\"name\":\"International Relations - Gl\u00f3ner \u00dcgyv\u00e9di Iroda\",\"isPartOf\":{\"@id\":\"https:\/\/glonerpartners.com\/#website\"},\"datePublished\":\"2022-03-10T10:47:21+00:00\",\"dateModified\":\"2025-06-11T15:24:21+00:00\",\"breadcrumb\":{\"@id\":\"https:\/\/glonerpartners.com\/en\/international-relations\/#breadcrumb\"},\"inLanguage\":\"en-US\",\"potentialAction\":[{\"@type\":\"ReadAction\",\"target\":[\"https:\/\/glonerpartners.com\/en\/international-relations\/\"]}]},{\"@type\":\"BreadcrumbList\",\"@id\":\"https:\/\/glonerpartners.com\/en\/international-relations\/#breadcrumb\",\"itemListElement\":[{\"@type\":\"ListItem\",\"position\":1,\"name\":\"Kezd\u0151lap\",\"item\":\"https:\/\/glonerpartners.com\/en\/\"},{\"@type\":\"ListItem\",\"position\":2,\"name\":\"International Relations\"}]},{\"@type\":\"WebSite\",\"@id\":\"https:\/\/glonerpartners.com\/#website\",\"url\":\"https:\/\/glonerpartners.com\/\",\"name\":\"Gl\u00f3ner \u00dcgyv\u00e9di Iroda\",\"description\":\"jog \u2013 \u00fczlet \u2013 technol\u00f3gia \u2013 innov\u00e1ci\u00f3\",\"publisher\":{\"@id\":\"https:\/\/glonerpartners.com\/#organization\"},\"potentialAction\":[{\"@type\":\"SearchAction\",\"target\":{\"@type\":\"EntryPoint\",\"urlTemplate\":\"https:\/\/glonerpartners.com\/?s={search_term_string}\"},\"query-input\":{\"@type\":\"PropertyValueSpecification\",\"valueRequired\":true,\"valueName\":\"search_term_string\"}}],\"inLanguage\":\"en-US\"},{\"@type\":\"Organization\",\"@id\":\"https:\/\/glonerpartners.com\/#organization\",\"name\":\"Gl\u00f3ner \u00dcgyv\u00e9di Iroda\",\"url\":\"https:\/\/glonerpartners.com\/\",\"logo\":{\"@type\":\"ImageObject\",\"inLanguage\":\"en-US\",\"@id\":\"https:\/\/glonerpartners.com\/#\/schema\/logo\/image\/\",\"url\":\"https:\/\/glonerpartners.com\/wp-content\/uploads\/2022\/01\/weblogo-gloner.png\",\"contentUrl\":\"https:\/\/glonerpartners.com\/wp-content\/uploads\/2022\/01\/weblogo-gloner.png\",\"width\":332,\"height\":150,\"caption\":\"Gl\u00f3ner \u00dcgyv\u00e9di Iroda\"},\"image\":{\"@id\":\"https:\/\/glonerpartners.com\/#\/schema\/logo\/image\/\"}}]}<\/script>\n<!-- \/ Yoast SEO plugin. -->","yoast_head_json":{"title":"International Relations - Gl\u00f3ner \u00dcgyv\u00e9di Iroda","robots":{"index":"index","follow":"follow","max-snippet":"max-snippet:-1","max-image-preview":"max-image-preview:large","max-video-preview":"max-video-preview:-1"},"canonical":"https:\/\/glonerpartners.com\/en\/international-relations\/","og_locale":"en_US","og_type":"article","og_title":"International Relations - Gl\u00f3ner \u00dcgyv\u00e9di Iroda","og_description":"INTERNATIONALRELATIONS To expand our services and deepen our experience and serve our new clients internationally, we will be working with a U.S.-based law firm with headquarters in Washington, D.c. and offices across the U.S. under the name of former Attorney General John Ashcroft, starting in 2021. Former U.S. Attorney General, Governor and Senator John Ashcroft ... Read more","og_url":"https:\/\/glonerpartners.com\/en\/international-relations\/","og_site_name":"Gl\u00f3ner \u00dcgyv\u00e9di Iroda","article_modified_time":"2025-06-11T15:24:21+00:00","og_image":[{"width":1200,"height":628,"url":"https:\/\/glonerpartners.com\/wp-content\/uploads\/2022\/03\/gloner-og.jpg","type":"image\/jpeg"}],"twitter_card":"summary_large_image","twitter_misc":{"Est. reading time":"2 minutes"},"schema":{"@context":"https:\/\/schema.org","@graph":[{"@type":"WebPage","@id":"https:\/\/glonerpartners.com\/en\/international-relations\/","url":"https:\/\/glonerpartners.com\/en\/international-relations\/","name":"International Relations - Gl\u00f3ner \u00dcgyv\u00e9di Iroda","isPartOf":{"@id":"https:\/\/glonerpartners.com\/#website"},"datePublished":"2022-03-10T10:47:21+00:00","dateModified":"2025-06-11T15:24:21+00:00","breadcrumb":{"@id":"https:\/\/glonerpartners.com\/en\/international-relations\/#breadcrumb"},"inLanguage":"en-US","potentialAction":[{"@type":"ReadAction","target":["https:\/\/glonerpartners.com\/en\/international-relations\/"]}]},{"@type":"BreadcrumbList","@id":"https:\/\/glonerpartners.com\/en\/international-relations\/#breadcrumb","itemListElement":[{"@type":"ListItem","position":1,"name":"Kezd\u0151lap","item":"https:\/\/glonerpartners.com\/en\/"},{"@type":"ListItem","position":2,"name":"International Relations"}]},{"@type":"WebSite","@id":"https:\/\/glonerpartners.com\/#website","url":"https:\/\/glonerpartners.com\/","name":"Gl\u00f3ner \u00dcgyv\u00e9di Iroda","description":"jog \u2013 \u00fczlet \u2013 technol\u00f3gia \u2013 innov\u00e1ci\u00f3","publisher":{"@id":"https:\/\/glonerpartners.com\/#organization"},"potentialAction":[{"@type":"SearchAction","target":{"@type":"EntryPoint","urlTemplate":"https:\/\/glonerpartners.com\/?s={search_term_string}"},"query-input":{"@type":"PropertyValueSpecification","valueRequired":true,"valueName":"search_term_string"}}],"inLanguage":"en-US"},{"@type":"Organization","@id":"https:\/\/glonerpartners.com\/#organization","name":"Gl\u00f3ner \u00dcgyv\u00e9di Iroda","url":"https:\/\/glonerpartners.com\/","logo":{"@type":"ImageObject","inLanguage":"en-US","@id":"https:\/\/glonerpartners.com\/#\/schema\/logo\/image\/","url":"https:\/\/glonerpartners.com\/wp-content\/uploads\/2022\/01\/weblogo-gloner.png","contentUrl":"https:\/\/glonerpartners.com\/wp-content\/uploads\/2022\/01\/weblogo-gloner.png","width":332,"height":150,"caption":"Gl\u00f3ner \u00dcgyv\u00e9di Iroda"},"image":{"@id":"https:\/\/glonerpartners.com\/#\/schema\/logo\/image\/"}}]}},"_links":{"self":[{"href":"https:\/\/glonerpartners.com\/en\/wp-json\/wp\/v2\/pages\/1055","targetHints":{"allow":["GET"]}}],"collection":[{"href":"https:\/\/glonerpartners.com\/en\/wp-json\/wp\/v2\/pages"}],"about":[{"href":"https:\/\/glonerpartners.com\/en\/wp-json\/wp\/v2\/types\/page"}],"author":[{"embeddable":true,"href":"https:\/\/glonerpartners.com\/en\/wp-json\/wp\/v2\/users\/1"}],"replies":[{"embeddable":true,"href":"https:\/\/glonerpartners.com\/en\/wp-json\/wp\/v2\/comments?post=1055"}],"version-history":[{"count":7,"href":"https:\/\/glonerpartners.com\/en\/wp-json\/wp\/v2\/pages\/1055\/revisions"}],"predecessor-version":[{"id":1617,"href":"https:\/\/glonerpartners.com\/en\/wp-json\/wp\/v2\/pages\/1055\/revisions\/1617"}],"wp:attachment":[{"href":"https:\/\/glonerpartners.com\/en\/wp-json\/wp\/v2\/media?parent=1055"}],"curies":[{"name":"wp","href":"https:\/\/api.w.org\/{rel}","templated":true}]}}