{"id":1523,"date":"2023-06-07T17:42:09","date_gmt":"2023-06-07T17:42:09","guid":{"rendered":"https:\/\/glonerpartners.com\/zsofia-klauber\/"},"modified":"2025-06-25T11:41:39","modified_gmt":"2025-06-25T11:41:39","slug":"zsofia-klauber","status":"publish","type":"page","link":"https:\/\/glonerpartners.com\/en\/zsofia-klauber\/","title":{"rendered":"Zs\u00f3fia Klauber"},"content":{"rendered":"\t\t<div data-elementor-type=\"wp-page\" data-elementor-id=\"1523\" class=\"elementor elementor-1523 elementor-1512\" data-elementor-post-type=\"page\">\n\t\t\t\t\t\t<section class=\"elementor-section elementor-top-section elementor-element elementor-element-d35ddce elementor-section-boxed elementor-section-height-default elementor-section-height-default\" data-id=\"d35ddce\" data-element_type=\"section\" data-settings=\"{&quot;jet_parallax_layout_list&quot;:[]}\">\n\t\t\t\t\t\t<div class=\"elementor-container elementor-column-gap-wide\">\n\t\t\t\t\t<div class=\"elementor-column elementor-col-66 elementor-top-column elementor-element elementor-element-36767a9\" data-id=\"36767a9\" data-element_type=\"column\">\n\t\t\t<div class=\"elementor-widget-wrap elementor-element-populated\">\n\t\t\t\t\t\t<div class=\"elementor-element elementor-element-c949ca5 elementor-widget elementor-widget-heading\" data-id=\"c949ca5\" data-element_type=\"widget\" data-widget_type=\"heading.default\">\n\t\t\t\t<div class=\"elementor-widget-container\">\n\t\t\t\t\t<h1 class=\"elementor-heading-title elementor-size-default\">Zs\u00f3fia Klauber<\/h1>\t\t\t\t<\/div>\n\t\t\t\t<\/div>\n\t\t\t\t<div class=\"elementor-element elementor-element-c1a2367 elementor-widget elementor-widget-heading\" data-id=\"c1a2367\" data-element_type=\"widget\" data-widget_type=\"heading.default\">\n\t\t\t\t<div class=\"elementor-widget-container\">\n\t\t\t\t\t<h2 class=\"elementor-heading-title elementor-size-default\">Attorney, Cooperating Partner<\/h2>\t\t\t\t<\/div>\n\t\t\t\t<\/div>\n\t\t\t\t<div class=\"elementor-element elementor-element-81a9811 elementor-widget elementor-widget-text-editor\" data-id=\"81a9811\" data-element_type=\"widget\" data-widget_type=\"text-editor.default\">\n\t\t\t\t<div class=\"elementor-widget-container\">\n\t\t\t\t\t\t\t\t\t<p>Zs\u00f3fia Klauber specialises in industrial property rights, particularly legal matters relating to trademarks and enforcement proceedings, including trademark registration, opposition, revocation and litigation. She represents Hungarian and international companies and private individuals in industrial property rights matters before the Hungarian Intellectual Property Office, the European Union Intellectual Property Office (EUIPO) and in litigation proceedings before the court. Zs\u00f3fia has considerable experience in conducting searches in Hungarian and international trademark databases, alternative dispute resolution procedures in the scope of domain names, as well as in formulating related comprehensive legal opinions.  <\/p>\n<p>She has published numerous articles in the field of trademark law both in Hungarian and English.<\/p>\n<p>After graduating from E\u00f6tv\u00f6s Lor\u00e1nd University Faculty of Law in Budapest in 2001, Zs\u00f3fia joined S\u00e1r and Partners Attorneys at law as a candidate attorney, becoming an attorney in 2006 and subsequently making partner.<\/p>\n<p>Since December 2018 Zs\u00f3fia has been a partner in Danubia Legal and the name partner of one of the law firms operating under the Danubia Legal brand.<\/p>\n<p>In 2005 Zs\u00f3fia spent five months working as a trainee at the EUIPO in Alicante where she dealt with opposition and trademark registration proceedings. In the same year she won a scholarship to the Max Planck Institute (Max Planck Institute for Intellectual Property, Competition and Tax Law) in Munich where she undertook research in field of EU trademarks. <\/p>\n\t\t\t\t\t\t\t\t<\/div>\n\t\t\t\t<\/div>\n\t\t\t\t\t<\/div>\n\t\t<\/div>\n\t\t\t\t<div class=\"elementor-column elementor-col-33 elementor-top-column elementor-element elementor-element-29f64fb\" data-id=\"29f64fb\" data-element_type=\"column\">\n\t\t\t<div class=\"elementor-widget-wrap elementor-element-populated\">\n\t\t\t\t\t\t<div class=\"elementor-element elementor-element-40b5a08 elementor-widget elementor-widget-image\" data-id=\"40b5a08\" data-element_type=\"widget\" data-widget_type=\"image.default\">\n\t\t\t\t<div class=\"elementor-widget-container\">\n\t\t\t\t\t\t\t\t\t\t\t\t\t\t\t<img fetchpriority=\"high\" decoding=\"async\" width=\"684\" height=\"1024\" src=\"https:\/\/glonerpartners.com\/wp-content\/uploads\/2023\/06\/klauber-zsofi-684x1024.jpg\" class=\"attachment-large size-large wp-image-1511\" alt=\"\" srcset=\"https:\/\/glonerpartners.com\/wp-content\/uploads\/2023\/06\/klauber-zsofi-684x1024.jpg 684w, https:\/\/glonerpartners.com\/wp-content\/uploads\/2023\/06\/klauber-zsofi-200x300.jpg 200w, https:\/\/glonerpartners.com\/wp-content\/uploads\/2023\/06\/klauber-zsofi-768x1150.jpg 768w, https:\/\/glonerpartners.com\/wp-content\/uploads\/2023\/06\/klauber-zsofi.jpg 844w\" sizes=\"(max-width: 684px) 100vw, 684px\" \/>\t\t\t\t\t\t\t\t\t\t\t\t\t\t\t<\/div>\n\t\t\t\t<\/div>\n\t\t\t\t<div class=\"elementor-element elementor-element-d7a23c0 elementor-icon-list--layout-traditional elementor-list-item-link-full_width elementor-widget elementor-widget-icon-list\" data-id=\"d7a23c0\" data-element_type=\"widget\" data-widget_type=\"icon-list.default\">\n\t\t\t\t<div class=\"elementor-widget-container\">\n\t\t\t\t\t\t\t<ul class=\"elementor-icon-list-items\">\n\t\t\t\t\t\t\t<li class=\"elementor-icon-list-item\">\n\t\t\t\t\t\t\t\t\t\t\t<a href=\"mailto:zsofia@klauber.hu\">\n\n\t\t\t\t\t\t\t\t\t\t\t\t<span class=\"elementor-icon-list-icon\">\n\t\t\t\t\t\t\t<i aria-hidden=\"true\" class=\"far fa-envelope\"><\/i>\t\t\t\t\t\t<\/span>\n\t\t\t\t\t\t\t\t\t\t<span class=\"elementor-icon-list-text\">zsofia@klauber.hu<\/span>\n\t\t\t\t\t\t\t\t\t\t\t<\/a>\n\t\t\t\t\t\t\t\t\t<\/li>\n\t\t\t\t\t\t\t\t<li class=\"elementor-icon-list-item\">\n\t\t\t\t\t\t\t\t\t\t\t<a href=\"tel:0036303839995\">\n\n\t\t\t\t\t\t\t\t\t\t\t\t<span class=\"elementor-icon-list-icon\">\n\t\t\t\t\t\t\t<i aria-hidden=\"true\" class=\"fas fa-mobile-alt\"><\/i>\t\t\t\t\t\t<\/span>\n\t\t\t\t\t\t\t\t\t\t<span class=\"elementor-icon-list-text\">+ 36 30 383 9995<\/span>\n\t\t\t\t\t\t\t\t\t\t\t<\/a>\n\t\t\t\t\t\t\t\t\t<\/li>\n\t\t\t\t\t\t<\/ul>\n\t\t\t\t\t\t<\/div>\n\t\t\t\t<\/div>\n\t\t\t\t\t<\/div>\n\t\t<\/div>\n\t\t\t\t\t<\/div>\n\t\t<\/section>\n\t\t\t\t<section class=\"elementor-section elementor-top-section elementor-element elementor-element-5277ae5 elementor-section-boxed elementor-section-height-default elementor-section-height-default\" data-id=\"5277ae5\" data-element_type=\"section\" data-settings=\"{&quot;jet_parallax_layout_list&quot;:[]}\">\n\t\t\t\t\t\t<div class=\"elementor-container elementor-column-gap-wide\">\n\t\t\t\t\t<div class=\"elementor-column elementor-col-50 elementor-top-column elementor-element elementor-element-203a967\" data-id=\"203a967\" data-element_type=\"column\">\n\t\t\t<div class=\"elementor-widget-wrap elementor-element-populated\">\n\t\t\t\t\t\t<div class=\"elementor-element elementor-element-2b5929c elementor-widget elementor-widget-text-editor\" data-id=\"2b5929c\" data-element_type=\"widget\" data-widget_type=\"text-editor.default\">\n\t\t\t\t<div class=\"elementor-widget-container\">\n\t\t\t\t\t\t\t\t\t<p>Professional Memberships<\/p>\n<ul>\n<li>Budapest Bar Association<\/li>\n<li>MIE (Hungarian Association for the Protection of Industrial Property and Copyright)<\/li>\n<li>Hungarian Trademark Association<\/li>\n<li>INTA (International Trademark Association)<br \/>MARQUES (Association of European Trademark Owners)<\/li>\n<li>Since 2017 Zs\u00f3fia has been representing MARQUES as an auditor on the working committee of EUIPO\u2019s Stakeholder Quality Assurance Panel (SQAP) <\/li>\n<\/ul>\n\t\t\t\t\t\t\t\t<\/div>\n\t\t\t\t<\/div>\n\t\t\t\t\t<\/div>\n\t\t<\/div>\n\t\t\t\t<div class=\"elementor-column elementor-col-50 elementor-top-column elementor-element elementor-element-61a9a59\" data-id=\"61a9a59\" data-element_type=\"column\">\n\t\t\t<div class=\"elementor-widget-wrap elementor-element-populated\">\n\t\t\t\t\t\t<div class=\"elementor-element elementor-element-121cd7f elementor-widget elementor-widget-text-editor\" data-id=\"121cd7f\" data-element_type=\"widget\" data-widget_type=\"text-editor.default\">\n\t\t\t\t<div class=\"elementor-widget-container\">\n\t\t\t\t\t\t\t\t\t<p style=\"text-align: justify;\">Language:<\/p>\n<ul>\n<li>English<\/li>\n<li>German<\/li>\n<\/ul>\n<p>Principal Areas of Expertise<\/p>\n<ul>\n<li>Civil law<\/li>\n<li>Trademark law<\/li>\n<\/ul>\n\t\t\t\t\t\t\t\t<\/div>\n\t\t\t\t<\/div>\n\t\t\t\t\t<\/div>\n\t\t<\/div>\n\t\t\t\t\t<\/div>\n\t\t<\/section>\n\t\t\t\t<\/div>\n\t\t","protected":false},"excerpt":{"rendered":"<p>Zs\u00f3fia Klauber Attorney, Cooperating Partner Zs\u00f3fia Klauber specialises in industrial property rights, particularly legal matters relating to trademarks and enforcement proceedings, including trademark registration, opposition, revocation and litigation. She represents Hungarian and international companies and private individuals in industrial property rights matters before the Hungarian Intellectual Property Office, the European Union Intellectual Property Office (EUIPO) &#8230; <a title=\"Zs\u00f3fia Klauber\" class=\"read-more\" href=\"https:\/\/glonerpartners.com\/en\/zsofia-klauber\/\" aria-label=\"Read more about Zs\u00f3fia Klauber\">Read more<\/a><\/p>\n","protected":false},"author":1,"featured_media":0,"parent":0,"menu_order":0,"comment_status":"closed","ping_status":"closed","template":"elementor_header_footer","meta":{"footnotes":""},"class_list":["post-1523","page","type-page","status-publish"],"yoast_head":"<!-- This site is optimized with the Yoast SEO plugin v26.1.1 - https:\/\/yoast.com\/wordpress\/plugins\/seo\/ -->\n<title>Zs\u00f3fia Klauber - Gl\u00f3ner \u00dcgyv\u00e9di Iroda<\/title>\n<meta name=\"robots\" content=\"index, follow, max-snippet:-1, max-image-preview:large, max-video-preview:-1\" \/>\n<link rel=\"canonical\" href=\"https:\/\/glonerpartners.com\/en\/zsofia-klauber\/\" \/>\n<meta property=\"og:locale\" content=\"en_US\" \/>\n<meta property=\"og:type\" content=\"article\" \/>\n<meta property=\"og:title\" content=\"Zs\u00f3fia Klauber - Gl\u00f3ner \u00dcgyv\u00e9di Iroda\" \/>\n<meta property=\"og:description\" content=\"Zs\u00f3fia Klauber Attorney, Cooperating Partner Zs\u00f3fia Klauber specialises in industrial property rights, particularly legal matters relating to trademarks and enforcement proceedings, including trademark registration, opposition, revocation and litigation. She represents Hungarian and international companies and private individuals in industrial property rights matters before the Hungarian Intellectual Property Office, the European Union Intellectual Property Office (EUIPO) ... Read more\" \/>\n<meta property=\"og:url\" content=\"https:\/\/glonerpartners.com\/en\/zsofia-klauber\/\" \/>\n<meta property=\"og:site_name\" content=\"Gl\u00f3ner \u00dcgyv\u00e9di Iroda\" \/>\n<meta property=\"article:modified_time\" content=\"2025-06-25T11:41:39+00:00\" \/>\n<meta property=\"og:image\" content=\"https:\/\/glonerpartners.com\/wp-content\/uploads\/2023\/06\/klauber-zsofi.jpg\" \/>\n\t<meta property=\"og:image:width\" content=\"844\" \/>\n\t<meta property=\"og:image:height\" content=\"1264\" \/>\n\t<meta property=\"og:image:type\" content=\"image\/jpeg\" \/>\n<meta name=\"twitter:card\" content=\"summary_large_image\" \/>\n<meta name=\"twitter:label1\" content=\"Est. reading time\" \/>\n\t<meta name=\"twitter:data1\" content=\"2 minutes\" \/>\n<script type=\"application\/ld+json\" class=\"yoast-schema-graph\">{\"@context\":\"https:\/\/schema.org\",\"@graph\":[{\"@type\":\"WebPage\",\"@id\":\"https:\/\/glonerpartners.com\/en\/zsofia-klauber\/\",\"url\":\"https:\/\/glonerpartners.com\/en\/zsofia-klauber\/\",\"name\":\"Zs\u00f3fia Klauber - Gl\u00f3ner \u00dcgyv\u00e9di Iroda\",\"isPartOf\":{\"@id\":\"https:\/\/glonerpartners.com\/#website\"},\"primaryImageOfPage\":{\"@id\":\"https:\/\/glonerpartners.com\/en\/zsofia-klauber\/#primaryimage\"},\"image\":{\"@id\":\"https:\/\/glonerpartners.com\/en\/zsofia-klauber\/#primaryimage\"},\"thumbnailUrl\":\"https:\/\/glonerpartners.com\/wp-content\/uploads\/2023\/06\/klauber-zsofi-684x1024.jpg\",\"datePublished\":\"2023-06-07T17:42:09+00:00\",\"dateModified\":\"2025-06-25T11:41:39+00:00\",\"breadcrumb\":{\"@id\":\"https:\/\/glonerpartners.com\/en\/zsofia-klauber\/#breadcrumb\"},\"inLanguage\":\"en-US\",\"potentialAction\":[{\"@type\":\"ReadAction\",\"target\":[\"https:\/\/glonerpartners.com\/en\/zsofia-klauber\/\"]}]},{\"@type\":\"ImageObject\",\"inLanguage\":\"en-US\",\"@id\":\"https:\/\/glonerpartners.com\/en\/zsofia-klauber\/#primaryimage\",\"url\":\"https:\/\/glonerpartners.com\/wp-content\/uploads\/2023\/06\/klauber-zsofi-684x1024.jpg\",\"contentUrl\":\"https:\/\/glonerpartners.com\/wp-content\/uploads\/2023\/06\/klauber-zsofi-684x1024.jpg\"},{\"@type\":\"BreadcrumbList\",\"@id\":\"https:\/\/glonerpartners.com\/en\/zsofia-klauber\/#breadcrumb\",\"itemListElement\":[{\"@type\":\"ListItem\",\"position\":1,\"name\":\"Kezd\u0151lap\",\"item\":\"https:\/\/glonerpartners.com\/en\/\"},{\"@type\":\"ListItem\",\"position\":2,\"name\":\"Zs\u00f3fia Klauber\"}]},{\"@type\":\"WebSite\",\"@id\":\"https:\/\/glonerpartners.com\/#website\",\"url\":\"https:\/\/glonerpartners.com\/\",\"name\":\"Gl\u00f3ner \u00dcgyv\u00e9di Iroda\",\"description\":\"jog \u2013 \u00fczlet \u2013 technol\u00f3gia \u2013 innov\u00e1ci\u00f3\",\"publisher\":{\"@id\":\"https:\/\/glonerpartners.com\/#organization\"},\"potentialAction\":[{\"@type\":\"SearchAction\",\"target\":{\"@type\":\"EntryPoint\",\"urlTemplate\":\"https:\/\/glonerpartners.com\/?s={search_term_string}\"},\"query-input\":{\"@type\":\"PropertyValueSpecification\",\"valueRequired\":true,\"valueName\":\"search_term_string\"}}],\"inLanguage\":\"en-US\"},{\"@type\":\"Organization\",\"@id\":\"https:\/\/glonerpartners.com\/#organization\",\"name\":\"Gl\u00f3ner \u00dcgyv\u00e9di Iroda\",\"url\":\"https:\/\/glonerpartners.com\/\",\"logo\":{\"@type\":\"ImageObject\",\"inLanguage\":\"en-US\",\"@id\":\"https:\/\/glonerpartners.com\/#\/schema\/logo\/image\/\",\"url\":\"https:\/\/glonerpartners.com\/wp-content\/uploads\/2022\/01\/weblogo-gloner.png\",\"contentUrl\":\"https:\/\/glonerpartners.com\/wp-content\/uploads\/2022\/01\/weblogo-gloner.png\",\"width\":332,\"height\":150,\"caption\":\"Gl\u00f3ner \u00dcgyv\u00e9di Iroda\"},\"image\":{\"@id\":\"https:\/\/glonerpartners.com\/#\/schema\/logo\/image\/\"}}]}<\/script>\n<!-- \/ Yoast SEO plugin. -->","yoast_head_json":{"title":"Zs\u00f3fia Klauber - Gl\u00f3ner \u00dcgyv\u00e9di Iroda","robots":{"index":"index","follow":"follow","max-snippet":"max-snippet:-1","max-image-preview":"max-image-preview:large","max-video-preview":"max-video-preview:-1"},"canonical":"https:\/\/glonerpartners.com\/en\/zsofia-klauber\/","og_locale":"en_US","og_type":"article","og_title":"Zs\u00f3fia Klauber - Gl\u00f3ner \u00dcgyv\u00e9di Iroda","og_description":"Zs\u00f3fia Klauber Attorney, Cooperating Partner Zs\u00f3fia Klauber specialises in industrial property rights, particularly legal matters relating to trademarks and enforcement proceedings, including trademark registration, opposition, revocation and litigation. She represents Hungarian and international companies and private individuals in industrial property rights matters before the Hungarian Intellectual Property Office, the European Union Intellectual Property Office (EUIPO) ... Read more","og_url":"https:\/\/glonerpartners.com\/en\/zsofia-klauber\/","og_site_name":"Gl\u00f3ner \u00dcgyv\u00e9di Iroda","article_modified_time":"2025-06-25T11:41:39+00:00","og_image":[{"width":844,"height":1264,"url":"https:\/\/glonerpartners.com\/wp-content\/uploads\/2023\/06\/klauber-zsofi.jpg","type":"image\/jpeg"}],"twitter_card":"summary_large_image","twitter_misc":{"Est. reading time":"2 minutes"},"schema":{"@context":"https:\/\/schema.org","@graph":[{"@type":"WebPage","@id":"https:\/\/glonerpartners.com\/en\/zsofia-klauber\/","url":"https:\/\/glonerpartners.com\/en\/zsofia-klauber\/","name":"Zs\u00f3fia Klauber - Gl\u00f3ner \u00dcgyv\u00e9di Iroda","isPartOf":{"@id":"https:\/\/glonerpartners.com\/#website"},"primaryImageOfPage":{"@id":"https:\/\/glonerpartners.com\/en\/zsofia-klauber\/#primaryimage"},"image":{"@id":"https:\/\/glonerpartners.com\/en\/zsofia-klauber\/#primaryimage"},"thumbnailUrl":"https:\/\/glonerpartners.com\/wp-content\/uploads\/2023\/06\/klauber-zsofi-684x1024.jpg","datePublished":"2023-06-07T17:42:09+00:00","dateModified":"2025-06-25T11:41:39+00:00","breadcrumb":{"@id":"https:\/\/glonerpartners.com\/en\/zsofia-klauber\/#breadcrumb"},"inLanguage":"en-US","potentialAction":[{"@type":"ReadAction","target":["https:\/\/glonerpartners.com\/en\/zsofia-klauber\/"]}]},{"@type":"ImageObject","inLanguage":"en-US","@id":"https:\/\/glonerpartners.com\/en\/zsofia-klauber\/#primaryimage","url":"https:\/\/glonerpartners.com\/wp-content\/uploads\/2023\/06\/klauber-zsofi-684x1024.jpg","contentUrl":"https:\/\/glonerpartners.com\/wp-content\/uploads\/2023\/06\/klauber-zsofi-684x1024.jpg"},{"@type":"BreadcrumbList","@id":"https:\/\/glonerpartners.com\/en\/zsofia-klauber\/#breadcrumb","itemListElement":[{"@type":"ListItem","position":1,"name":"Kezd\u0151lap","item":"https:\/\/glonerpartners.com\/en\/"},{"@type":"ListItem","position":2,"name":"Zs\u00f3fia Klauber"}]},{"@type":"WebSite","@id":"https:\/\/glonerpartners.com\/#website","url":"https:\/\/glonerpartners.com\/","name":"Gl\u00f3ner \u00dcgyv\u00e9di Iroda","description":"jog \u2013 \u00fczlet \u2013 technol\u00f3gia \u2013 innov\u00e1ci\u00f3","publisher":{"@id":"https:\/\/glonerpartners.com\/#organization"},"potentialAction":[{"@type":"SearchAction","target":{"@type":"EntryPoint","urlTemplate":"https:\/\/glonerpartners.com\/?s={search_term_string}"},"query-input":{"@type":"PropertyValueSpecification","valueRequired":true,"valueName":"search_term_string"}}],"inLanguage":"en-US"},{"@type":"Organization","@id":"https:\/\/glonerpartners.com\/#organization","name":"Gl\u00f3ner \u00dcgyv\u00e9di Iroda","url":"https:\/\/glonerpartners.com\/","logo":{"@type":"ImageObject","inLanguage":"en-US","@id":"https:\/\/glonerpartners.com\/#\/schema\/logo\/image\/","url":"https:\/\/glonerpartners.com\/wp-content\/uploads\/2022\/01\/weblogo-gloner.png","contentUrl":"https:\/\/glonerpartners.com\/wp-content\/uploads\/2022\/01\/weblogo-gloner.png","width":332,"height":150,"caption":"Gl\u00f3ner \u00dcgyv\u00e9di Iroda"},"image":{"@id":"https:\/\/glonerpartners.com\/#\/schema\/logo\/image\/"}}]}},"_links":{"self":[{"href":"https:\/\/glonerpartners.com\/en\/wp-json\/wp\/v2\/pages\/1523","targetHints":{"allow":["GET"]}}],"collection":[{"href":"https:\/\/glonerpartners.com\/en\/wp-json\/wp\/v2\/pages"}],"about":[{"href":"https:\/\/glonerpartners.com\/en\/wp-json\/wp\/v2\/types\/page"}],"author":[{"embeddable":true,"href":"https:\/\/glonerpartners.com\/en\/wp-json\/wp\/v2\/users\/1"}],"replies":[{"embeddable":true,"href":"https:\/\/glonerpartners.com\/en\/wp-json\/wp\/v2\/comments?post=1523"}],"version-history":[{"count":7,"href":"https:\/\/glonerpartners.com\/en\/wp-json\/wp\/v2\/pages\/1523\/revisions"}],"predecessor-version":[{"id":1750,"href":"https:\/\/glonerpartners.com\/en\/wp-json\/wp\/v2\/pages\/1523\/revisions\/1750"}],"wp:attachment":[{"href":"https:\/\/glonerpartners.com\/en\/wp-json\/wp\/v2\/media?parent=1523"}],"curies":[{"name":"wp","href":"https:\/\/api.w.org\/{rel}","templated":true}]}}